{"id":8426,"date":"2017-07-13T07:19:33","date_gmt":"2017-07-13T07:19:33","guid":{"rendered":"https:\/\/www.geaprodukt.si\/ueber-das-unternehmen\/"},"modified":"2023-05-17T06:20:23","modified_gmt":"2023-05-17T06:20:23","slug":"ueber-das-unternehmen","status":"publish","type":"page","link":"https:\/\/www.geaprodukt.si\/de\/ueber-das-unternehmen\/","title":{"rendered":"\u00dcber das Unternehmen"},"content":{"rendered":"<p>[vc_section][vc_row][vc_column width=&#8220;1\/2&#8243;]\t\t\t<link rel=\"stylesheet\" id=\"wd-section-title-css\" href=\"https:\/\/geaprodukt-1de17.kxcdn.com\/wp-content\/themes\/woodmart\/css\/parts\/el-section-title.min.css?ver=6.4.2\" type=\"text\/css\" media=\"all\" \/> \t\t\t\t\t\t<link rel=\"stylesheet\" id=\"wd-mod-highlighted-text-css\" href=\"https:\/\/geaprodukt-1de17.kxcdn.com\/wp-content\/themes\/woodmart\/css\/parts\/mod-highlighted-text.min.css?ver=6.4.2\" type=\"text\/css\" media=\"all\" \/> \t\t\t\n\t\t<div id=\"wd-60568020c7e25\" class=\"title-wrapper wd-wpb set-mb-s reset-last-child  wd-rs-60568020c7e25 wd-title-color-default wd-title-style-underlined wd-width-100 text-left  wd-underline-colored\">\n\t\t\t\n\t\t\t<div class=\"liner-continer\">\n\t\t\t\t<h4 class=\"woodmart-title-container title  wd-font-weight- wd-fontsize-l\" >\u00dcber uns<\/h4>\n\t\t\t\t\t\t\t<\/div>\n\t\t\t\n\t\t\t\n\t\t\t\n\t\t<\/div>\n\t\t\n\t\t[\/vc_column][vc_column width=&#8220;1\/2&#8243;][vc_separator css=&#8220;.vc_custom_1616281646882{margin-top: 40px !important;}&#8220;][vc_column_text text_larger=&#8220;no&#8220; woodmart_inline=&#8220;no&#8220;]Anfang 1990 wurde die Idee gefasst, den Weg des unabh\u00e4ngigen Unternehmers zu ergreifen. Das Unternehmen GEAPRODUKT Gro\u00df- und Einzelhandel d.o.o. wurde nach einer gr\u00fcndlichen Marktanalyse und nach \u00dcberlegungen gegr\u00fcndet, wie sich mit geringem Kapital und viel Willensst\u00e4rke ein Unternehmenskonzept entwickeln l\u00e4sst, dass zu raschem Wachstum und sicherem Gesch\u00e4ft f\u00fchren w\u00fcrde. Das Unternehmen wurde am 1. M\u00e4rz 1990 gegr\u00fcndet.<\/p>\n<p>Von Beginn an waren wir, zun\u00e4chst als Gro\u00dfh\u00e4ndler, auf die Vermarktung von frischem Obst und Gem\u00fcse spezialisiert und nach 6 Jahren im Gesch\u00e4ft haben wir uns um 6 Einzelhandelsgesch\u00e4fte mit Fokus auf ein Angebot von frischem Obst und Gem\u00fcse sowie andere Nahrungsmittel und Getr\u00e4nke verg\u00f6\u00dfert. Die steigende Menge an Ladenketten im slowenischen Markt erzwang eine \u00c4nderung unseres Gesch\u00e4ftsmodells und wir wandelten uns in ein reines Gro\u00dfhandelsunternehmen um. \u00dcber die Jahre haben wir einen Lieferservice f\u00fcr K\u00e4ufer verschiedener Segmente entwickelt.<br \/>\nDurch unerm\u00fcdliche Arbeit, die richtigen Entscheidungen und sorgsames Management der verf\u00fcgbaren Ressourcen konnten wir uns von einer kleinen unternehmerischen Chance zum gr\u00f6\u00dften Vertriebsunternehmen mit Spezialisierung auf Obst und Gem\u00fcse in Slowenien entwickeln. Wir sind stolz darauf, zu den 10 gr\u00f6\u00dften Distributoren von frischem Obst und Gem\u00fcse in Europa zu geh\u00f6ren.<\/p>\n<p>Die 31 Gesch\u00e4ftsjahre umfassten Anpassungen, Ver\u00e4nderungen, Erg\u00e4nzungen und Verbesserungen. Dabei waren wir w\u00e4hrend der ganzen Zeit unserem Leitspruch treu: \u201eWenn Vergn\u00fcgen keine S\u00fcnde ist.\u201d<\/p>\n<p>Unser Leben, unsere Arbeit und unser Fokus ist permanent auf frisches Obst und Gem\u00fcse gerichtet. Der Genuss frischer Fr\u00fcchte ist keine S\u00fcnde, es ist ein Gebot f\u00fcr die gesunde Lebensf\u00fchrung.<\/p>\n<p>Heute sind wir ein erfolgreiches Familienunternehmen mit Spezialisierung auf den Vertrieb von frischem Obst und Gem\u00fcse. Wir entwickeln unsere eigene Produktion und Verarbeitung. Wir f\u00f6rdern den Verkauf von getrockneten, verpackten und eingedosten Fr\u00fcchten, von Gem\u00fcse und von N\u00fcssen. Wir bieten den K\u00e4ufern in Slowenien und den Nachbarl\u00e4ndern hochwertige Ware und einen hervorragenden Lieferservice, elektronisch gest\u00fctzte Unternehmenszusammenarbeit, eine frische Cash&#038;Carry-Auswahl in unseren Lagern in Ljubljana, Maribor und Koper sowie eine komfortable Option zum Einkauf in unserem Online-Shop von zu Hause aus.<\/p>\n<p>Wir sind ein modernes Unternehmen mit einem gesch\u00e4ftlichen Draht zur j\u00fcngeren Generation, das seine Aufmerksamkeit auf die Entwicklung eines modernen Gesch\u00e4ftsmodells richtet.[\/vc_column_text][\/vc_column][\/vc_row][vc_row][vc_column width=&#8220;1\/2&#8243;]\n\t\t<div id=\"wd-6056804da16e5\" class=\"title-wrapper wd-wpb set-mb-s reset-last-child  wd-rs-6056804da16e5 wd-title-color-default wd-title-style-underlined wd-width-100 text-left  wd-underline-colored\">\n\t\t\t\n\t\t\t<div class=\"liner-continer\">\n\t\t\t\t<h4 class=\"woodmart-title-container title  wd-font-weight- wd-fontsize-l\" >Unsere Aktivit\u00e4t<\/h4>\n\t\t\t\t\t\t\t<\/div>\n\t\t\t\n\t\t\t\n\t\t\t\n\t\t<\/div>\n\t\t\n\t\t[\/vc_column][vc_column width=&#8220;1\/2&#8243;][vc_separator css=&#8220;.vc_custom_1616281646882{margin-top: 40px !important;}&#8220;][vc_column_text text_larger=&#8220;no&#8220; woodmart_inline=&#8220;no&#8220;]Wir sind ein Handels- und Dienstleistungsunternehmen, wie sind Produzent und Verarbeiter, wir sind das Unternehmen GEAPRODUKT d.o.o. und in folgenden Bereichen t\u00e4tig:<\/p>\n<p>Versorgung des slowenischen Marktes und der M\u00e4rkte in Nachbarl\u00e4ndern,<br \/>\nImport und Export,<br \/>\nAufkauf h\u00e4uslicher Produktion,<br \/>\nLagerhaltung von Produkten in eigenen K\u00fchl- und Reifungsh\u00e4usern, die mit der neuesten Technologie ausgestattet sind,<br \/>\nCash &#038; Carry f\u00fcr Unternehmen,<br \/>\nProduktion von Microgreens, Kr\u00e4utern und mehrj\u00e4hrigen Pflanzen,<br \/>\nProduktion von Obst und Gem\u00fcse,<br \/>\nOnline-Shop www.geadostava.si,<br \/>\nUmfassende Logistik, die eine sichere Lieferung zu unseren K\u00e4ufern nach Hause garantiert.[\/vc_column_text][\/vc_column][\/vc_row][vc_row][vc_column width=&#8220;1\/2&#8243;]\n\t\t<div id=\"wd-60568064725ee\" class=\"title-wrapper wd-wpb set-mb-s reset-last-child  wd-rs-60568064725ee wd-title-color-default wd-title-style-underlined wd-width-100 text-left  wd-underline-colored\">\n\t\t\t\n\t\t\t<div class=\"liner-continer\">\n\t\t\t\t<h4 class=\"woodmart-title-container title  wd-font-weight- wd-fontsize-l\" >Unsere Produkte<\/h4>\n\t\t\t\t\t\t\t<\/div>\n\t\t\t\n\t\t\t\n\t\t\t\n\t\t<\/div>\n\t\t\n\t\t[\/vc_column][vc_column width=&#8220;1\/2&#8243;][vc_separator css=&#8220;.vc_custom_1616281646882{margin-top: 40px !important;}&#8220;][vc_column_text text_larger=&#8220;no&#8220;]Wir bieten unseren K\u00e4ufern eine vielf\u00e4ltige Auswahl von Produkten verschiedener Marken und Programme an:<br \/>\nFrisches Obst und Gem\u00fcse von verschiedenen Produzenten:<br \/>\nnormale Produktion,<br \/>\nBio-Produktion und integrierte Produktion,<br \/>\nProduktion gem\u00e4\u00df den slowenischen Prinzipien ausgew\u00e4hlter Qualit\u00e4t,<br \/>\ngeputztes, geschnittenes und verpacktes frisches Obst und Gem\u00fcse aus eigener Produktion,<br \/>\nMicrogreens, Kr\u00e4uter und essbare Blumen aus eigener Produktion,<br \/>\neingedostes Obst und Gem\u00fcse,<br \/>\nTrockenobst und N\u00fcsse.[\/vc_column_text][\/vc_column][\/vc_row][vc_row][vc_column width=&#8220;1\/2&#8243;]\n\t\t<div id=\"wd-6056807746c53\" class=\"title-wrapper wd-wpb set-mb-s reset-last-child  wd-rs-6056807746c53 wd-title-color-default wd-title-style-underlined wd-width-100 text-left  wd-underline-colored\">\n\t\t\t\n\t\t\t<div class=\"liner-continer\">\n\t\t\t\t<h4 class=\"woodmart-title-container title  wd-font-weight- wd-fontsize-l\" >Wir sind lokal und nachhaltig t\u00e4tig<\/h4>\n\t\t\t\t\t\t\t<\/div>\n\t\t\t\n\t\t\t\n\t\t\t\n\t\t<\/div>\n\t\t\n\t\t[\/vc_column][vc_column width=&#8220;1\/2&#8243;][vc_separator css=&#8220;.vc_custom_1616281646882{margin-top: 40px !important;}&#8220;][vc_column_text text_larger=&#8220;no&#8220;]Wir arbeiten mit Unternehmen aus 47 L\u00e4ndern und 6 Kontinenten zusammen. Die authentischsten Beziehungen haben wir mit slowenischen Obst- und Gem\u00fcseproduzenten. Wir arbeiten mit \u00fcber 300 lokalen Erzeugern zusammen. Deren Einsatz und Ausdauer sind fantastisch. Es ist fast nicht zu glauben, dass wir Tag f\u00fcr Tag slowenische Produkte als Teil unseres Angebots haben. Trotz K\u00e4lte, Trockenheit, Fluten und Hitze auf den Feldern, aus der Verarbeitung oder dem Lager, sie liefern die vereinbarte lokale und saisonale Ware.<br \/>\nDie nachhaltige Einstellung des GEAPRODUKT-Teams spiegelt den Respekt gegen\u00fcber der Generation wieder, die unser Unternehmen erschaffen und entwickelt hat, indem ihre Werte und die Beziehungen zu Arbeit, Mitmenschen und Umwelt erhalten werden. Bei unserer Arbeit und in unserem Leben schw\u00f6ren wir auf Qualit\u00e4t und strikte Beachtung der Anweisungen und Standards. Wir stehen Innovation offen gegen\u00fcber, wodurch wir auf alle auf uns zukommende Situationen flexibel reagieren k\u00f6nnen. Unser Alltag umfasst Verhaltensweisen, die sich auf den Schutz der nat\u00fcrlichen Umwelt und die durchdachte Abfallentsorgung positiv auswirken.[\/vc_column_text][\/vc_column][\/vc_row][vc_row][vc_column width=&#8220;1\/2&#8243;]\n\t\t<div id=\"wd-62135bb83cecf\" class=\"title-wrapper wd-wpb set-mb-s reset-last-child  wd-rs-62135bb83cecf wd-title-color-default wd-title-style-underlined wd-width-100 text-left  wd-underline-colored\">\n\t\t\t\n\t\t\t<div class=\"liner-continer\">\n\t\t\t\t<h4 class=\"woodmart-title-container title  wd-font-weight- wd-fontsize-l\" >Wir sind Qualit\u00e4t und Sicherheit verpflichtet<\/h4>\n\t\t\t\t\t\t\t<\/div>\n\t\t\t\n\t\t\t\n\t\t\t\n\t\t<\/div>\n\t\t\n\t\t[\/vc_column][vc_column width=&#8220;1\/2&#8243;][vc_separator css=&#8220;.vc_custom_1616281646882{margin-top: 40px !important;}&#8220;][vc_column_text text_larger=&#8220;no&#8220;]Wir \u00fcberwachen t\u00e4glich die Qualit\u00e4t unserer Produkte und Dienstleistungen und versuchen, unsere K\u00e4ufer mit unseren Produkten zufriedenzustellen, die sicher f\u00fcr ihre Gesundheit und die ihrer K\u00e4ufer sind. Unsere Anstrengungen zeigen sich in externen j\u00e4hrlichen Pr\u00fcfungen. Wir sind zertifiziert f\u00fcr:<br \/>\nLagerung, Verpackung, Vertrieb und Verkauf von BIOLOGISCH PRODUZIERTEM Obst und Gem\u00fcse, Kr\u00e4utern, Pilzen, N\u00fcssen, Samen, Eiern und Trockenobst,<br \/>\nLagerung, Vertrieb und Verkauf von Obst und Gem\u00fcse, das mit dem Zeichen AUSGEW\u00c4HLTE QUALIT\u00c4T SLOWENIENS versehen ist;<br \/>\ndie eigene Produktion von Microgreens ist in \u00dcbereinstimmung zu den GLOBALG.A.P.-Bestimmungen umgesetzt und wir haben das Zertifikat GGN 4063061430878 erhalten, welches dies best\u00e4tigt,<br \/>\nwir arbeiten mit Produzenten zusammen und entwickeln die Produktion im Sinne des GLOBALG.A.P.-Zertifizierungssystems,<br \/>\nwir besitzen die IFS FOOD Standard-Zertifizierung,<br \/>\n2021 planen wir die Einf\u00fchrung des ISO 9001:2015-Qualit\u00e4tsstandards<br \/>\nund wir bereiten uns darauf vor, das Zertifikat des sozial verantwortungsbewussten Arbeitgebers zu erlangen.[\/vc_column_text][\/vc_column][\/vc_row][vc_row][vc_column width=&#8220;1\/2&#8243;]\n\t\t<div id=\"wd-605680ac9f5c4\" class=\"title-wrapper wd-wpb set-mb-s reset-last-child  wd-rs-605680ac9f5c4 wd-title-color-default wd-title-style-underlined wd-width-100 text-left  wd-underline-colored\">\n\t\t\t\n\t\t\t<div class=\"liner-continer\">\n\t\t\t\t<h4 class=\"woodmart-title-container title  wd-font-weight- wd-fontsize-l\" >Unsere Partner<\/h4>\n\t\t\t\t\t\t\t<\/div>\n\t\t\t\n\t\t\t\n\t\t\t\n\t\t<\/div>\n\t\t\n\t\t[\/vc_column][vc_column width=&#8220;1\/2&#8243;][vc_separator css=&#8220;.vc_custom_1616281646882{margin-top: 40px !important;}&#8220;][vc_column_text text_larger=&#8220;no&#8220;]Wir arbeiten in einer Gesch\u00e4ftsumgebung, die sich in Bezug auf Versorgung als auch Verkauf Jahr f\u00fcr Jahr weiter ausdehnt. Unsere Rolle im Markt ist es, konstant nach Arbeits- und Innovationsenthusiasten zu suchen, die bereit sind, unsere Erfolgsgeschichte zu teilen und sie fortzuf\u00fchren. Im Verkauf suchen wir nach Unternehmen mit langfristigen Pl\u00e4nen, im Einkauf suchen wir nach Produzenten mit Pl\u00e4nen f\u00fcr eine enge und langfristige Zusammenarbeit. Wir entwickeln Partnerschaften in allen Bereichen.[\/vc_column_text][\/vc_column][\/vc_row][vc_row][vc_column width=&#8220;1\/2&#8243;]\n\t\t<div id=\"wd-605680bf0a02f\" class=\"title-wrapper wd-wpb set-mb-s reset-last-child  wd-rs-605680bf0a02f wd-title-color-default wd-title-style-underlined wd-width-100 text-left  wd-underline-colored\">\n\t\t\t\n\t\t\t<div class=\"liner-continer\">\n\t\t\t\t<h4 class=\"woodmart-title-container title  wd-font-weight- wd-fontsize-l\" >Unsere K\u00e4ufer<\/h4>\n\t\t\t\t\t\t\t<\/div>\n\t\t\t\n\t\t\t\n\t\t\t\n\t\t<\/div>\n\t\t\n\t\t[\/vc_column][vc_column width=&#8220;1\/2&#8243;][vc_separator css=&#8220;.vc_custom_1616281646882{margin-top: 40px !important;}&#8220;][vc_column_text text_larger=&#8220;no&#8220;]Unsere K\u00e4ufer sind Ladenketten, die HORECA-Branchen (Hotels, Restaurants, Catering), budgetgebundene Abnehmer (Tageseinrichtungen, Krankenh\u00e4user, Seniorenheime, Armeest\u00fctzpunkte, Gef\u00e4ngnisse), Einzelh\u00e4ndler, Kooperativen und private K\u00e4ufer. Wir liefern t\u00e4glich Waren an 500-900 Standorte und die Anzahl unserer aktiven K\u00e4ufer betr\u00e4gt 5.000.<br \/>\nDie Gesundheit und Zufriedenheit unserer K\u00e4ufer sind f\u00fcr uns der Schl\u00fcssel. Unser Online-Shop (www.geadostava.si) richtet sich an alle Haushalte und bietet leckere Produkte sowie tolle Rezepte und n\u00fctzliche Informationen zu Ern\u00e4hrung und Gesundheit.[\/vc_column_text][\/vc_column][\/vc_row][vc_row][vc_column width=&#8220;1\/2&#8243;]\n\t\t<div id=\"wd-605680d2d474c\" class=\"title-wrapper wd-wpb set-mb-s reset-last-child  wd-rs-605680d2d474c wd-title-color-default wd-title-style-underlined wd-width-100 text-left  wd-underline-colored\">\n\t\t\t\n\t\t\t<div class=\"liner-continer\">\n\t\t\t\t<h4 class=\"woodmart-title-container title  wd-font-weight- wd-fontsize-l\" >Unsere Lieferanten<\/h4>\n\t\t\t\t\t\t\t<\/div>\n\t\t\t\n\t\t\t\n\t\t\t\n\t\t<\/div>\n\t\t\n\t\t[\/vc_column][vc_column width=&#8220;1\/2&#8243;][vc_separator css=&#8220;.vc_custom_1616281646882{margin-top: 40px !important;}&#8220;][vc_column_text text_larger=&#8220;no&#8220;]Wir arbeiten \u00fcberwiegend mit Obst- und Gem\u00fcseproduzenten zusammen und f\u00fcr uns sehr wichtige Partner sind die Transportdienstleister, die f\u00fcr uns Leistungen ausf\u00fchren. Wir haben eine Anzahl von Lieferanten f\u00fcr Hilfsstoffe und Ausr\u00fcstung. Wir arbeiten mit Reparaturdiensten f\u00fcr K\u00fchlausr\u00fcstung, Fahrzeuge und Verarbeitungsmaschinen zusammen. Auch sollten wir unsere Vertragspartner f\u00fcr eine saubere Umgebung und die Versorgung aus verschiedenen Energiequellen auff\u00fchren.[\/vc_column_text][\/vc_column][\/vc_row][\/vc_section][vc_section][vc_row][vc_column width=&#8220;1\/2&#8243;]\n\t\t<div id=\"wd-60567d1ee2ff8\" class=\"title-wrapper wd-wpb set-mb-s reset-last-child  wd-rs-60567d1ee2ff8 wd-title-color-default wd-title-style-underlined wd-width-100 text-left  wd-underline-colored\">\n\t\t\t\n\t\t\t<div class=\"liner-continer\">\n\t\t\t\t<h4 class=\"woodmart-title-container title  wd-font-weight- wd-fontsize-l\" >Vision<\/h4>\n\t\t\t\t\t\t\t<\/div>\n\t\t\t\n\t\t\t\n\t\t\t\n\t\t<\/div>\n\t\t\n\t\t[\/vc_column][vc_column width=&#8220;1\/2&#8243;][vc_separator border_width=&#8220;2&#8243; css=&#8220;.vc_custom_1616281306099{margin-top: 40px !important;}&#8220;][vc_column_text text_larger=&#8220;no&#8220;]Wir st\u00e4rken unsere Position als eines der f\u00fchrenden Unternehmen im Bereich des Vertriebs von frischem Obst und Gem\u00fcse auf t\u00e4glicher Basis.<br \/>\nDie Vision unseres Unternehmens ist die St\u00e4rkung der f\u00fchrenden Rolle im Bereich Obst- und Gem\u00fcsevertrieb in allen Marktbereichen Sloweniens und der Nachbarl\u00e4nder. Das Unternehmen folgt den grundlegenden Gesch\u00e4ftszielen zur Erschaffung eines umfassenden Managements der Gesch\u00e4ftsqualit\u00e4t und der Unternehmensplan der folgenden Jahre ist hierauf angelegt.[\/vc_column_text][\/vc_column][\/vc_row][vc_row][vc_column width=&#8220;1\/2&#8243;]\n\t\t<div id=\"wd-60567d2675fbd\" class=\"title-wrapper wd-wpb set-mb-s reset-last-child  wd-rs-60567d2675fbd wd-title-color-default wd-title-style-underlined wd-width-100 text-left  wd-underline-colored\">\n\t\t\t\n\t\t\t<div class=\"liner-continer\">\n\t\t\t\t<h4 class=\"woodmart-title-container title  wd-font-weight- wd-fontsize-l\" >Werte<\/h4>\n\t\t\t\t\t\t\t<\/div>\n\t\t\t\n\t\t\t\n\t\t\t\n\t\t<\/div>\n\t\t\n\t\t[\/vc_column][vc_column width=&#8220;1\/2&#8243;][vc_separator border_width=&#8220;2&#8243; css=&#8220;.vc_custom_1616281306099{margin-top: 40px !important;}&#8220;][vc_row_inner][vc_column_inner][vc_text_separator title=&#8220;Vielf\u00e4ltige Auswahl von hochwertigen Produkten&#8220; i_icon_fontawesome=&#8220;fas fa-star&#8220; i_color=&#8220;custom&#8220; title_align=&#8220;separator_align_left&#8220; add_icon=&#8220;true&#8220; i_custom_color=&#8220;#83b735&#8243;][vc_column_text text_larger=&#8220;no&#8220;]Wir beobachten best\u00e4ndig die Marktbed\u00fcrfnisse und richten unser Angebot darauf aus. Unsere Priorit\u00e4t sind zufriedene Kunden und wir versuchen jedem Anliegen Geh\u00f6r zu schenken und uns in der Mitte zu treffen. Die Qualit\u00e4t unserer Produkte und Dienstleistungen wird t\u00e4glich \u00fcberwacht. Wir streben danach, die K\u00e4ufer mit unseren Produkten zufriedenzustellen, die sicher f\u00fcr ihre Gesundheit und die der K\u00e4ufer ist. Unsere Anstrengungen werden bei externen j\u00e4hrlichen Pr\u00fcfungen best\u00e4tigt.[\/vc_column_text][\/vc_column_inner][\/vc_row_inner][vc_row_inner][vc_column_inner][vc_text_separator title=&#8220;Authentische Beziehung mit lokalen Produzenten&#8220; i_icon_fontawesome=&#8220;fas fa-star&#8220; i_color=&#8220;custom&#8220; title_align=&#8220;separator_align_left&#8220; add_icon=&#8220;true&#8220; i_custom_color=&#8220;#83b735&#8243;][vc_column_text text_larger=&#8220;no&#8220;]Wir arbeiten mit Unternehmen aus 47 L\u00e4ndern und allen Kontinenten zusammen. Die authentischsten Beziehungen haben wir mit slowenischen Obst- und Gem\u00fcseproduzenten. Wir arbeiten mit \u00fcber 300 lokalen Erzeugern zusammen. Deren Einsatz und Ausdauer sind fantastisch.[\/vc_column_text][\/vc_column_inner][\/vc_row_inner][vc_row_inner][vc_column_inner][vc_text_separator title=&#8220;Vertrauen und langfristige Zusammenarbeit mit den Partnern.&#8220; i_icon_fontawesome=&#8220;fas fa-star&#8220; i_color=&#8220;custom&#8220; title_align=&#8220;separator_align_left&#8220; add_icon=&#8220;true&#8220; i_custom_color=&#8220;#83b735&#8243;][vc_column_text text_larger=&#8220;no&#8220;]Als ein internationaler Importeur, Verk\u00e4ufer und Gro\u00dfh\u00e4ndler von Obst und Gem\u00fcse sind wir f\u00fcr unsere K\u00e4ufer und Lieferanten ein vertrauensw\u00fcrdiger und verl\u00e4sslicher Partner. In diesen Jahren der erfolgreichen Zusammenarbeit haben wir mit unseren Lieferanten und Produzenten in der Region als auch weltweit eine enge Beziehung aufgebaut. Dies bedeutet, dass wir unseren K\u00e4ufern Obst und Gem\u00fcse hervorragender Qualit\u00e4t garantieren k\u00f6nnen. Unsere Gesch\u00e4ftspartner werden mit individuellen, pers\u00f6nlichen und praktikablen Ratschl\u00e4gen unterst\u00fctzt, um einen langfristigen Erfolg von uns allen sicherzustellen. Unsere Gesch\u00e4ftspraktiken streben danach, eine offene, konstruktive Beziehung gem\u00e4\u00df den Prinzipien gegenseitiger Zufriedenheit zu wahren.[\/vc_column_text][\/vc_column_inner][\/vc_row_inner][vc_row_inner][vc_column_inner][vc_text_separator title=&#8220;Der nachhaltige Ansatz des Teams&#8220; i_icon_fontawesome=&#8220;fas fa-star&#8220; i_color=&#8220;custom&#8220; title_align=&#8220;separator_align_left&#8220; align=&#8220;align_right&#8220; add_icon=&#8220;true&#8220; i_custom_color=&#8220;#83b735&#8243;][vc_column_text text_larger=&#8220;no&#8220;]Die nachhaltige Einstellung des GEAPRODUKT-Teams spiegelt den Respekt gegen\u00fcber der Generation wieder, die unser Unternehmen erschaffen und entwickelt hat, indem ihre Werte und die Beziehungen zu Arbeit, Mitmenschen und Umwelt erhalten werden. Bei unserer Arbeit und in unserem Leben schw\u00f6ren wir auf Qualit\u00e4t und strikte Beachtung der Standards und Normen.<\/p>\n<p>Unsere Kollegen bei GEAPRODUKT arbeiten an einer langfristigen Karriere, die uns eine stabile und vertrauensw\u00fcrdige Beziehung erlaubt, die durch Vorteile und neuen Chancen erg\u00e4nzt wird.<br \/>\nUnsere allt\u00e4gliche Kommunikation umfasst Motivation, die Erweiterung des Horizonts sowie Respekt gegen\u00fcber Integrit\u00e4t und Privatsph\u00e4re. Wir versuchen, durch Unterst\u00fctzung und Schulung die besten Ergebnisse von unseren Kollegen zu erlangen.<\/p>\n<p>Jeder Beitrag einer Person ist wertvoll f\u00fcr die Erreichung unserer Ziele.[\/vc_column_text][\/vc_column_inner][\/vc_row_inner][vc_row_inner][vc_column_inner][vc_text_separator title=&#8220;Tempo und Flexibilit\u00e4t&#8220; i_icon_fontawesome=&#8220;fas fa-star&#8220; i_color=&#8220;custom&#8220; title_align=&#8220;separator_align_left&#8220; align=&#8220;align_right&#8220; add_icon=&#8220;true&#8220; i_custom_color=&#8220;#83b735&#8243;][vc_column_text text_larger=&#8220;no&#8220;]Wissen, Bef\u00e4higung, Innovativit\u00e4t, Pflichtbewusstsein und Erfindungsreichtum geben uns den Vorteil schnell zu sein. Unser Ziel ist es, der Erste zu sein. Nicht nur im Verkauf, sondern auch bei der Ermittlung neuer Marktbed\u00fcrfnisse. Wir erreichen dies mit effizienter Straffung des Entwicklungsprozesses, schneller Erlangung der Dokumentation und einer koordinierten Prozesskette, von der Beschaffung bis zum Vertrieb.<br \/>\nDurch schnelle Reaktion und Anpassungsf\u00e4higkeit \u00fcberwinden wir Hindernisse, die durch verschiedene beh\u00f6rdliche Anforderungen und Marktbed\u00fcrfnisse bestehen. Wir k\u00f6nnen es mit jeder Herausforderung aufnehmen \u2013 ganz gleich welche Gr\u00f6\u00dfe diese hat oder wo sie auftritt. Unsere flexiblen L\u00f6sungen erf\u00fcllen die Erwartungen der Partner.[\/vc_column_text][\/vc_column_inner][\/vc_row_inner][vc_row_inner][vc_column_inner][vc_text_separator title=&#8220;Kreativit\u00e4t und Effizienz&#8220; i_icon_fontawesome=&#8220;fas fa-star&#8220; i_color=&#8220;custom&#8220; title_align=&#8220;separator_align_left&#8220; align=&#8220;align_right&#8220; add_icon=&#8220;true&#8220; i_custom_color=&#8220;#83b735&#8243;][vc_column_text text_larger=&#8220;no&#8220;]Der Weg zur Erzielung von Spitzenergebnissen ist es, eine Unternehmensatmosph\u00e4re zu erschaffen, die in Bezug auf Innovationsf\u00e4higkeit und Kreativit\u00e4t motiviert. Wir ermuntern die Kollegen, \u00fcber ihre Ideen zu sprechen und setzen die ad\u00e4quaten dann auch um. Wir suchen permanent nach neuen M\u00f6glichkeiten f\u00fcr die Zufriedenheit unserer K\u00e4ufer.<\/p>\n<p>Die Pflichten unserer Arbeitsstelle werden bestm\u00f6glich erf\u00fcllt. Wir streben bei unserer Arbeit nach bestm\u00f6glicher Leistung, h\u00f6chster Effizienz und schnellstm\u00f6glicher Erf\u00fcllung.[\/vc_column_text][\/vc_column_inner][\/vc_row_inner][vc_row_inner][vc_column_inner][vc_text_separator title=&#8220;Kreativit\u00e4t und Strebsamkeit&#8220; i_icon_fontawesome=&#8220;fas fa-star&#8220; i_color=&#8220;custom&#8220; title_align=&#8220;separator_align_left&#8220; align=&#8220;align_right&#8220; add_icon=&#8220;true&#8220; i_custom_color=&#8220;#83b735&#8243;][vc_column_text text_larger=&#8220;no&#8220;]Die Arbeit im Unternehmen ist eine Herausforderung f\u00fcr berufliches und pers\u00f6nliches Wachstum, aus der wir st\u00e4ndig lernen und die Grundlagen f\u00fcr eine erh\u00f6hte Kreativit\u00e4t schaffen. Wir nehmen uns Zeit zum Nachdenken, innovativen Handeln und um neue Ideen zu f\u00f6rdern und belohnen die guten. Wir verbessern best\u00e4ndig unsere Arbeitsmethoden und Ergebnisse.<br \/>\nUnsere Ziele sind hoch aber doch umsetzbar. Wir haben die Courage, um Hindernisse und Fehler zu akzeptieren und daraus zu lernen. Wir setzen hohe Ziele an das Unternehmensniveau und an das Niveau jedes Einzelnen, f\u00f6rdern gesunden Wettbewerb, den Wunsch nach Fortbildung und Bef\u00f6rderung in der Arbeitsstelle und streben gleichzeitig nach einem Gleichgewicht zwischen Arbeit und Familie.[\/vc_column_text][\/vc_column_inner][\/vc_row_inner][vc_row_inner][vc_column_inner][vc_text_separator title=&#8220;Verantwortung und Wirtschaftlichkeit&#8220; i_icon_fontawesome=&#8220;fas fa-star&#8220; i_color=&#8220;custom&#8220; title_align=&#8220;separator_align_left&#8220; align=&#8220;align_right&#8220; add_icon=&#8220;true&#8220; i_custom_color=&#8220;#83b735&#8243;][vc_column_text text_larger=&#8220;no&#8220;]Unser Motto ist: \u201e<em><strong>Wenn Vergn\u00fcgen keine S\u00fcnde ist.<\/strong><\/em>\u201d<br \/>\nWir setzen akzeptierte Verpflichtungen und Versprechen um und stellen sicher, dass der K\u00e4ufer das Vergn\u00fcgen erlebt, das die Frucht unsere Arbeit, der Organisation und dem in 30 Jahren erfolgreicher Arbeit gewonnen Wissen ist.<br \/>\nWir behandeln Unternehmenswerte unter allen Umst\u00e4nden rationell, als ob diese pers\u00f6nliches Eigentum sind, und versuchen zugleich, die Einnahmen mit geringstm\u00f6glichen Kosten zu maximieren. Da wir ergebnisorientiert sind, arbeiten wir an der Weiterentwicklung, der Erzielung der optimalen Marktkonditionen, konstanter Kostenreduzierung und an der stetigen Suche nach Gesch\u00e4ftsm\u00f6glichkeiten und der Schaffung von Profit.[\/vc_column_text][\/vc_column_inner][\/vc_row_inner][\/vc_column][\/vc_row][\/vc_section]<\/p>\n","protected":false},"excerpt":{"rendered":"<p>[vc_section][vc_row][vc_column width=&#8220;1\/2&#8243;][\/vc_column][vc_column width=&#8220;1\/2&#8243;][vc_separator css=&#8220;.vc_custom_1616281646882{margin-top: 40px !important;}&#8220;][vc_column_text text_larger=&#8220;no&#8220; woodmart_inline=&#8220;no&#8220;]Anfang 1990 wurde die Idee gefasst, den Weg des unabh\u00e4ngigen Unternehmers zu ergreifen.<\/p>\n","protected":false},"author":1,"featured_media":0,"parent":0,"menu_order":0,"comment_status":"closed","ping_status":"closed","template":"","meta":[],"_links":{"self":[{"href":"https:\/\/www.geaprodukt.si\/de\/wp-json\/wp\/v2\/pages\/8426"}],"collection":[{"href":"https:\/\/www.geaprodukt.si\/de\/wp-json\/wp\/v2\/pages"}],"about":[{"href":"https:\/\/www.geaprodukt.si\/de\/wp-json\/wp\/v2\/types\/page"}],"author":[{"embeddable":true,"href":"https:\/\/www.geaprodukt.si\/de\/wp-json\/wp\/v2\/users\/1"}],"replies":[{"embeddable":true,"href":"https:\/\/www.geaprodukt.si\/de\/wp-json\/wp\/v2\/comments?post=8426"}],"version-history":[{"count":10,"href":"https:\/\/www.geaprodukt.si\/de\/wp-json\/wp\/v2\/pages\/8426\/revisions"}],"predecessor-version":[{"id":10616,"href":"https:\/\/www.geaprodukt.si\/de\/wp-json\/wp\/v2\/pages\/8426\/revisions\/10616"}],"wp:attachment":[{"href":"https:\/\/www.geaprodukt.si\/de\/wp-json\/wp\/v2\/media?parent=8426"}],"curies":[{"name":"wp","href":"https:\/\/api.w.org\/{rel}","templated":true}]}}