{"id":8777,"date":"2021-05-24T08:51:26","date_gmt":"2021-05-24T08:51:26","guid":{"rendered":"https:\/\/www.geaprodukt.si\/ueber-das-unternehmen\/datenschutzrichtlinie\/"},"modified":"2021-05-24T08:51:26","modified_gmt":"2021-05-24T08:51:26","slug":"datenschutzrichtlinie","status":"publish","type":"page","link":"https:\/\/www.geaprodukt.si\/de\/ueber-das-unternehmen\/datenschutzrichtlinie\/","title":{"rendered":"Datenschutzrichtlinie"},"content":{"rendered":"<p>[vc_row css=&#8220;.vc_custom_1528700436855{margin-right: 0px !important;margin-bottom: 25px !important;margin-left: 0px !important;border-top-width: 1px !important;border-right-width: 1px !important;border-bottom-width: 1px !important;border-left-width: 1px !important;padding-top: 30px !important;padding-right: 15px !important;padding-bottom: 30px !important;padding-left: 15px !important;background-color: #ffffff !important;border-left-color: #e7e7e7 !important;border-left-style: solid !important;border-right-color: #e7e7e7 !important;border-right-style: solid !important;border-top-color: #e7e7e7 !important;border-top-style: solid !important;border-bottom-color: #e7e7e7 !important;border-bottom-style: solid !important;}&#8220;][vc_column css=&#8220;.vc_custom_1527238251732{padding-top: 0px !important;}&#8220;][vc_column_text css=&#8220;.vc_custom_1616372226979{margin-bottom: 0px !important;}&#8220; el_class=&#8220;text-larger&#8220; text_larger=&#8220;no&#8220;]Unsere Website: https:\/\/www.geaprodukt.si.<\/p>\n<p>Manager der Website:<\/p>\n<p><strong>Geaprodukt d.o.o.<\/strong><br \/>\nDolenjska cesta 242<br \/>\n1000 Ljubljana[\/vc_column_text][\/vc_column][\/vc_row][vc_row css=&#8220;.vc_custom_1528700436855{margin-right: 0px !important;margin-bottom: 25px !important;margin-left: 0px !important;border-top-width: 1px !important;border-right-width: 1px !important;border-bottom-width: 1px !important;border-left-width: 1px !important;padding-top: 30px !important;padding-right: 15px !important;padding-bottom: 30px !important;padding-left: 15px !important;background-color: #ffffff !important;border-left-color: #e7e7e7 !important;border-left-style: solid !important;border-right-color: #e7e7e7 !important;border-right-style: solid !important;border-top-color: #e7e7e7 !important;border-top-style: solid !important;border-bottom-color: #e7e7e7 !important;border-bottom-style: solid !important;}&#8220;][vc_column css=&#8220;.vc_custom_1527238251732{padding-top: 0px !important;}&#8220;][vc_column_text css=&#8220;.vc_custom_1617118858912{margin-bottom: 0px !important;}&#8220; el_class=&#8220;text-larger&#8220; text_larger=&#8220;no&#8220;]<strong>Wie sch\u00fctzen wir Ihre Daten?<\/strong><\/p>\n<p>Wir verwenden Datenverschl\u00fcsselung durch Nutzung des SSL-Sicherheitszertifikats zum Schutz von Daten, die zwischen Ihnen und der Website ausgetauscht werden. Sie k\u00f6nnen die Funktion pr\u00fcfen, indem Sie auf das Schl\u00fcsselsymbol neben dem Link auf geaprodukt.si in der Adresszeile klicken, um Informationen zur Sicherheit des Links zu erhalten.<\/p>\n<p>Unsere Datenbanken werden gesch\u00fctzt auf gesicherten Servern des externen Anbieters Zabec.net gespeichert.[\/vc_column_text][\/vc_column][\/vc_row][vc_row css=&#8220;.vc_custom_1528700436855{margin-right: 0px !important;margin-bottom: 25px !important;margin-left: 0px !important;border-top-width: 1px !important;border-right-width: 1px !important;border-bottom-width: 1px !important;border-left-width: 1px !important;padding-top: 30px !important;padding-right: 15px !important;padding-bottom: 30px !important;padding-left: 15px !important;background-color: #ffffff !important;border-left-color: #e7e7e7 !important;border-left-style: solid !important;border-right-color: #e7e7e7 !important;border-right-style: solid !important;border-top-color: #e7e7e7 !important;border-top-style: solid !important;border-bottom-color: #e7e7e7 !important;border-bottom-style: solid !important;}&#8220;][vc_column css=&#8220;.vc_custom_1527238251732{padding-top: 0px !important;}&#8220;][vc_column_text css=&#8220;.vc_custom_1616371460843{margin-bottom: 0px !important;}&#8220; el_class=&#8220;text-larger&#8220; text_larger=&#8220;no&#8220;]<strong>Inhalte von anderen Websites<\/strong><\/p>\n<p>Unsere Website kann Inhalte enthalten, die von anderen, externen Websites und Diensten (z. B. YouTube) stammen. Diese externen Anbieter haben w\u00e4hrend der \u00dcbertragung solcher Inhalte die M\u00f6glichkeit, zus\u00e4tzliche Cookies zu erstellen oder anonym Daten zu erfassen, die f\u00fcr deren eigene Zwecke verwendet werden k\u00f6nnen. Wir \u00fcbernehmen keine Verantwortung f\u00fcr solche Inhalte, Cookies und Daten.[\/vc_column_text][\/vc_column][\/vc_row][vc_row css=&#8220;.vc_custom_1528700436855{margin-right: 0px !important;margin-bottom: 25px !important;margin-left: 0px !important;border-top-width: 1px !important;border-right-width: 1px !important;border-bottom-width: 1px !important;border-left-width: 1px !important;padding-top: 30px !important;padding-right: 15px !important;padding-bottom: 30px !important;padding-left: 15px !important;background-color: #ffffff !important;border-left-color: #e7e7e7 !important;border-left-style: solid !important;border-right-color: #e7e7e7 !important;border-right-style: solid !important;border-top-color: #e7e7e7 !important;border-top-style: solid !important;border-bottom-color: #e7e7e7 !important;border-bottom-style: solid !important;}&#8220;][vc_column css=&#8220;.vc_custom_1527238251732{padding-top: 0px !important;}&#8220;][vc_column_text css=&#8220;.vc_custom_1616371448418{margin-bottom: 0px !important;}&#8220; el_class=&#8220;text-larger&#8220; text_larger=&#8220;no&#8220;]<strong>Ihre Rechte<\/strong><\/p>\n<p>Falls Sie jemals etwas auf unserer Website gekauft oder Ihre Daten in unserem System gespeichert haben, so haben Sie das Recht, eine schriftliche Anforderung auf Erhalt einer Aufstellung jeglicher Daten zu stellen, die wir von Ihnen und Ihren K\u00e4ufen gespeichert haben. Wir k\u00f6nnen gem\u00e4\u00df den Rechtsvorschriften ebenfalls bestimmte Daten l\u00f6schen, falls Sie dies verlangen.[\/vc_column_text][\/vc_column][\/vc_row][vc_row css=&#8220;.vc_custom_1528700436855{margin-right: 0px !important;margin-bottom: 25px !important;margin-left: 0px !important;border-top-width: 1px !important;border-right-width: 1px !important;border-bottom-width: 1px !important;border-left-width: 1px !important;padding-top: 30px !important;padding-right: 15px !important;padding-bottom: 30px !important;padding-left: 15px !important;background-color: #ffffff !important;border-left-color: #e7e7e7 !important;border-left-style: solid !important;border-right-color: #e7e7e7 !important;border-right-style: solid !important;border-top-color: #e7e7e7 !important;border-top-style: solid !important;border-bottom-color: #e7e7e7 !important;border-bottom-style: solid !important;}&#8220;][vc_column css=&#8220;.vc_custom_1527238251732{padding-top: 0px !important;}&#8220;][vc_column_text css=&#8220;.vc_custom_1616371515954{margin-bottom: 0px !important;}&#8220; el_class=&#8220;text-larger&#8220; text_larger=&#8220;no&#8220;]<strong>Cookies<\/strong><\/p>\n<p>Unsere Website nutzt f\u00fcr ihren Betrieb Cookies. Cookies sind kleine Textdateien, die durch die Website auf Ihren Computer hochgeladen werden und gew\u00f6hnlich Ihre Einstellungen oder \u00e4hnliche Daten enthalten, welche f\u00fcr die Funktion der Website oder das anonyme Tracking f\u00fcr Statistiken \u00fcber Website-Besuche erforderlich sind und das Benutzererlebnis verbessern.[\/vc_column_text][\/vc_column][\/vc_row][vc_row css=&#8220;.vc_custom_1528700436855{margin-right: 0px !important;margin-bottom: 25px !important;margin-left: 0px !important;border-top-width: 1px !important;border-right-width: 1px !important;border-bottom-width: 1px !important;border-left-width: 1px !important;padding-top: 30px !important;padding-right: 15px !important;padding-bottom: 30px !important;padding-left: 15px !important;background-color: #ffffff !important;border-left-color: #e7e7e7 !important;border-left-style: solid !important;border-right-color: #e7e7e7 !important;border-right-style: solid !important;border-top-color: #e7e7e7 !important;border-top-style: solid !important;border-bottom-color: #e7e7e7 !important;border-bottom-style: solid !important;}&#8220;][vc_column css=&#8220;.vc_custom_1527238251732{padding-top: 0px !important;}&#8220;][vc_column_text css=&#8220;.vc_custom_1616371528643{margin-bottom: 0px !important;}&#8220; el_class=&#8220;text-larger&#8220; text_larger=&#8220;no&#8220;]<strong>Arten von Cookies:<\/strong><\/p>\n<ul>\n<li>F\u00fcr die Funktion der Website erforderliche Cookies,<\/li>\n<li>eigene Cookies zur Verfolgung der Besucherstatistiken,<\/li>\n<li>Cookies durch externe Anbieter (Google, Facebook, YouTube).<\/li>\n<\/ul>\n<p>Die Cookies externer Anbieter werden anonymisiert und enthalten keine pers\u00f6nlichen Daten.[\/vc_column_text][\/vc_column][\/vc_row]<\/p>\n","protected":false},"excerpt":{"rendered":"<p>[vc_row css=&#8220;.vc_custom_1528700436855{margin-right: 0px !important;margin-bottom: 25px !important;margin-left: 0px !important;border-top-width: 1px !important;border-right-width: 1px !important;border-bottom-width: 1px !important;border-left-width: 1px !important;padding-top: 30px !important;padding-right: 15px !important;padding-bottom:<\/p>\n","protected":false},"author":1,"featured_media":0,"parent":8426,"menu_order":0,"comment_status":"closed","ping_status":"closed","template":"","meta":[],"_links":{"self":[{"href":"https:\/\/www.geaprodukt.si\/de\/wp-json\/wp\/v2\/pages\/8777"}],"collection":[{"href":"https:\/\/www.geaprodukt.si\/de\/wp-json\/wp\/v2\/pages"}],"about":[{"href":"https:\/\/www.geaprodukt.si\/de\/wp-json\/wp\/v2\/types\/page"}],"author":[{"embeddable":true,"href":"https:\/\/www.geaprodukt.si\/de\/wp-json\/wp\/v2\/users\/1"}],"replies":[{"embeddable":true,"href":"https:\/\/www.geaprodukt.si\/de\/wp-json\/wp\/v2\/comments?post=8777"}],"version-history":[{"count":2,"href":"https:\/\/www.geaprodukt.si\/de\/wp-json\/wp\/v2\/pages\/8777\/revisions"}],"predecessor-version":[{"id":8779,"href":"https:\/\/www.geaprodukt.si\/de\/wp-json\/wp\/v2\/pages\/8777\/revisions\/8779"}],"up":[{"embeddable":true,"href":"https:\/\/www.geaprodukt.si\/de\/wp-json\/wp\/v2\/pages\/8426"}],"wp:attachment":[{"href":"https:\/\/www.geaprodukt.si\/de\/wp-json\/wp\/v2\/media?parent=8777"}],"curies":[{"name":"wp","href":"https:\/\/api.w.org\/{rel}","templated":true}]}}