{"id":8792,"date":"2021-05-24T09:07:16","date_gmt":"2021-05-24T09:07:16","guid":{"rendered":"https:\/\/www.geaprodukt.si\/ueber-das-unternehmen\/beschaeftigung\/"},"modified":"2021-05-24T09:07:18","modified_gmt":"2021-05-24T09:07:18","slug":"beschaeftigung","status":"publish","type":"page","link":"https:\/\/www.geaprodukt.si\/de\/ueber-das-unternehmen\/beschaeftigung\/","title":{"rendered":"Besch\u00e4ftigung"},"content":{"rendered":"<p>[vc_row css=&#8220;.vc_custom_1616429443555{padding-top: 4vh !important;padding-right: 4vh !important;padding-bottom: 4vh !important;padding-left: 4vh !important;}&#8220; mobile_bg_img_hidden=&#8220;no&#8220; tablet_bg_img_hidden=&#8220;no&#8220; woodmart_parallax=&#8220;0&#8243; woodmart_gradient_switch=&#8220;no&#8220; row_reverse_mobile=&#8220;0&#8243; row_reverse_tablet=&#8220;0&#8243; woodmart_disable_overflow=&#8220;0&#8243;][vc_column width=&#8220;1\/3&#8243;]\t\t\t<link rel=\"stylesheet\" id=\"wd-responsive-text-css\" href=\"https:\/\/geaprodukt-1de17.kxcdn.com\/wp-content\/themes\/woodmart\/css\/parts\/el-responsive-text.min.css?ver=6.4.2\" type=\"text\/css\" media=\"all\" \/> \t\t\t\t\t\t<div id=\"wd-6058c1d7e2c3f\" class=\"wd-text-block-wrapper wd-wpb wd-rs-6058c1d7e2c3f color-scheme-custom wd-width-100 text-left \">\n\t\t\t\t<div class=\"woodmart-title-container woodmart-text-block reset-last-child font-primary wd-font-weight-700 wd-fontsize-xl\">\n\t\t\t\t\t<em>Jeder Beitrag einer Person ist wertvoll f\u00fcr die Erreichung unserer Ziele.<\/em>\t\t\t\t<\/div>\n\n\t\t\t\t\t\t\t<\/div>\n\t\t[\/vc_column][vc_column width=&#8220;2\/3&#8243;][vc_single_image image=&#8220;480&#8243; img_size=&#8220;medium&#8220; parallax_scroll=&#8220;no&#8220;][\/vc_column][\/vc_row][vc_row][vc_column]\t\t\t<link rel=\"stylesheet\" id=\"wd-section-title-css\" href=\"https:\/\/geaprodukt-1de17.kxcdn.com\/wp-content\/themes\/woodmart\/css\/parts\/el-section-title.min.css?ver=6.4.2\" type=\"text\/css\" media=\"all\" \/> \t\t\t\t\t\t<link rel=\"stylesheet\" id=\"wd-mod-highlighted-text-css\" href=\"https:\/\/geaprodukt-1de17.kxcdn.com\/wp-content\/themes\/woodmart\/css\/parts\/mod-highlighted-text.min.css?ver=6.4.2\" type=\"text\/css\" media=\"all\" \/> \t\t\t\n\t\t<div id=\"wd-6058c14308a85\" class=\"title-wrapper wd-wpb set-mb-s reset-last-child  wd-rs-6058c14308a85 wd-title-color-default wd-title-style-underlined wd-width-100 text-left  wd-underline-colored\">\n\t\t\t\n\t\t\t<div class=\"liner-continer\">\n\t\t\t\t<h4 class=\"woodmart-title-container title  wd-font-weight- wd-fontsize-l\" >Besch\u00e4ftigung<\/h4>\n\t\t\t\t\t\t\t<\/div>\n\t\t\t\n\t\t\t\n\t\t\t\n\t\t<\/div>\n\t\t\n\t\t[\/vc_column][\/vc_row][vc_row full_width=&#8220;stretch_row&#8220; mobile_bg_img_hidden=&#8220;no&#8220; tablet_bg_img_hidden=&#8220;no&#8220; woodmart_parallax=&#8220;0&#8243; woodmart_gradient_switch=&#8220;no&#8220; row_reverse_mobile=&#8220;0&#8243; row_reverse_tablet=&#8220;0&#8243; woodmart_disable_overflow=&#8220;0&#8243;][vc_column width=&#8220;1\/3&#8243;][\/vc_column][vc_column width=&#8220;2\/3&#8243;][vc_column_text text_larger=&#8220;no&#8220;]Unsere Kollegen bei GEAPRODUKT arbeiten an einer langfristigen Karriere, die uns eine stabile und vertrauensw\u00fcrdige Beziehung erlaubt, die durch Vorteile und neuen Chancen erg\u00e4nzt wird.<br \/>\nUnsere allt\u00e4gliche Kommunikation umfasst Motivation, die Erweiterung des Horizonts sowie Respekt gegen\u00fcber Integrit\u00e4t und Privatsph\u00e4re. Wir versuchen, durch Unterst\u00fctzung und Schulung die besten Ergebnisse von unseren Kollegen zu erlangen.[\/vc_column_text][\/vc_column][\/vc_row][vc_row][vc_column]\n\t\t<div id=\"wd-6058c14bcb49a\" class=\"title-wrapper wd-wpb set-mb-s reset-last-child  wd-rs-6058c14bcb49a wd-title-color-default wd-title-style-underlined wd-width-100 text-left  wd-underline-colored\">\n\t\t\t\n\t\t\t<div class=\"liner-continer\">\n\t\t\t\t<h4 class=\"woodmart-title-container title  wd-font-weight- wd-fontsize-l\" >Was bieten wir unseren Mitarbeitern?<\/h4>\n\t\t\t\t\t\t\t<\/div>\n\t\t\t\n\t\t\t\n\t\t\t\n\t\t<\/div>\n\t\t\n\t\t[\/vc_column][\/vc_row][vc_row][vc_column width=&#8220;1\/3&#8243;][\/vc_column][vc_column width=&#8220;2\/3&#8243;]\t\t\t<link rel=\"stylesheet\" id=\"wd-list-css\" href=\"https:\/\/geaprodukt-1de17.kxcdn.com\/wp-content\/themes\/woodmart\/css\/parts\/el-list.min.css?ver=6.4.2\" type=\"text\/css\" media=\"all\" \/> \t\t\t\n\t\t<ul class=\" wd-rs-6058c15c0b63a wd-list wd-wpb color-scheme- wd-fontsize-xs wd-list-type-icon wd-list-style-default wd-justify-left \" id=\"wd-6058c15c0b63a\">\n\t\t\t\t\t\t\t\t\t\t\t<li>\n\t\t\t\t\t<span class=\"list-icon fas fa-check\"><\/span>\n\t\t\t\t\t<span class=\"list-content\">Delovna obla\u010dila in obutev za delovna mesta v logistiki, proizvodnji in skladi\u0161\u010du<\/span>\n\t\t\t\t\t\t\t\t\t<\/li>\n\t\t\t\t\t\t\t\t\t\t\t<li>\n\t\t\t\t\t<span class=\"list-icon fas fa-check\"><\/span>\n\t\t\t\t\t<span class=\"list-content\">Ugoden nakup sve\u017eega sadja in zelenjave, ter drugih izdelkov iz na\u0161e ponudbe<\/span>\n\t\t\t\t\t\t\t\t\t<\/li>\n\t\t\t\t\t\t\t\t\t\t\t<li>\n\t\t\t\t\t<span class=\"list-icon fas fa-check\"><\/span>\n\t\t\t\t\t<span class=\"list-content\">Parkiranje osebnih vozil<\/span>\n\t\t\t\t\t\t\t\t\t<\/li>\n\t\t\t\t\t\t\t\t\t\t\t<li>\n\t\t\t\t\t<span class=\"list-icon fas fa-check\"><\/span>\n\t\t\t\t\t<span class=\"list-content\">Slu\u017ebena vozila za poslovne poti<\/span>\n\t\t\t\t\t\t\t\t\t<\/li>\n\t\t\t\t\t\t\t\t\t\t\t<li>\n\t\t\t\t\t<span class=\"list-icon fas fa-check\"><\/span>\n\t\t\t\t\t<span class=\"list-content\">Mobilno pisarno za delo na daljavo in mobilni telefon za dolo\u010dena delovna mesta<\/span>\n\t\t\t\t\t\t\t\t\t<\/li>\n\t\t\t\t\t\t\t\t\t\t\t<li>\n\t\t\t\t\t<span class=\"list-icon fas fa-check\"><\/span>\n\t\t\t\t\t<span class=\"list-content\">Usposabljanje na delovnem mestu in ob delu<\/span>\n\t\t\t\t\t\t\t\t\t<\/li>\n\t\t\t\t\t\t\t\t\t\t\t<li>\n\t\t\t\t\t<span class=\"list-icon fas fa-check\"><\/span>\n\t\t\t\t\t<span class=\"list-content\">Motivacijske delavnice<\/span>\n\t\t\t\t\t\t\t\t\t<\/li>\n\t\t\t\t\t\t\t\t\t\t\t<li>\n\t\t\t\t\t<span class=\"list-icon fas fa-check\"><\/span>\n\t\t\t\t\t<span class=\"list-content\">Dru\u017eabne dogodke<\/span>\n\t\t\t\t\t\t\t\t\t<\/li>\n\t\t\t\t\t\t\t\t\t\t\t<li>\n\t\t\t\t\t<span class=\"list-icon fas fa-check\"><\/span>\n\t\t\t\t\t<span class=\"list-content\">Obdarovanje ob posebnih dogodkih<\/span>\n\t\t\t\t\t\t\t\t\t<\/li>\n\t\t\t\t\t<\/ul>\n\t\t[\/vc_column][\/vc_row][vc_row][vc_column]\n\t\t<div id=\"wd-6058c152d058a\" class=\"title-wrapper wd-wpb set-mb-s reset-last-child  wd-rs-6058c152d058a wd-title-color-default wd-title-style-underlined wd-width-100 text-left  wd-underline-colored\">\n\t\t\t\n\t\t\t<div class=\"liner-continer\">\n\t\t\t\t<h4 class=\"woodmart-title-container title  wd-font-weight- wd-fontsize-l\" >Besch\u00e4ftigung<\/h4>\n\t\t\t\t\t\t\t<\/div>\n\t\t\t\n\t\t\t\n\t\t\t\n\t\t<\/div>\n\t\t\n\t\t[\/vc_column][\/vc_row][vc_row][vc_column width=&#8220;1\/3&#8243;][\/vc_column][vc_column width=&#8220;2\/3&#8243;][vc_column_text text_larger=&#8220;no&#8220;]Die aktuell offenen Stellen werden hier ver\u00f6ffentlicht: <a href=\"https:\/\/www.mojedelo.com\/prosta-delovna-mesta\/podjetja\/geaprodukt\">https:\/\/www.mojedelo.com\/prosta-delovna-mesta\/podjetja\/geaprodukt<\/a>[\/vc_column_text][\/vc_column][\/vc_row]<\/p>\n","protected":false},"excerpt":{"rendered":"<p>[vc_row css=&#8220;.vc_custom_1616429443555{padding-top: 4vh !important;padding-right: 4vh !important;padding-bottom: 4vh !important;padding-left: 4vh !important;}&#8220; mobile_bg_img_hidden=&#8220;no&#8220; tablet_bg_img_hidden=&#8220;no&#8220; woodmart_parallax=&#8220;0&#8243; woodmart_gradient_switch=&#8220;no&#8220; row_reverse_mobile=&#8220;0&#8243; row_reverse_tablet=&#8220;0&#8243; woodmart_disable_overflow=&#8220;0&#8243;][vc_column width=&#8220;1\/3&#8243;][\/vc_column][vc_column width=&#8220;2\/3&#8243;][vc_single_image image=&#8220;480&#8243;<\/p>\n","protected":false},"author":1,"featured_media":0,"parent":8426,"menu_order":0,"comment_status":"closed","ping_status":"closed","template":"","meta":[],"_links":{"self":[{"href":"https:\/\/www.geaprodukt.si\/de\/wp-json\/wp\/v2\/pages\/8792"}],"collection":[{"href":"https:\/\/www.geaprodukt.si\/de\/wp-json\/wp\/v2\/pages"}],"about":[{"href":"https:\/\/www.geaprodukt.si\/de\/wp-json\/wp\/v2\/types\/page"}],"author":[{"embeddable":true,"href":"https:\/\/www.geaprodukt.si\/de\/wp-json\/wp\/v2\/users\/1"}],"replies":[{"embeddable":true,"href":"https:\/\/www.geaprodukt.si\/de\/wp-json\/wp\/v2\/comments?post=8792"}],"version-history":[{"count":2,"href":"https:\/\/www.geaprodukt.si\/de\/wp-json\/wp\/v2\/pages\/8792\/revisions"}],"predecessor-version":[{"id":8794,"href":"https:\/\/www.geaprodukt.si\/de\/wp-json\/wp\/v2\/pages\/8792\/revisions\/8794"}],"up":[{"embeddable":true,"href":"https:\/\/www.geaprodukt.si\/de\/wp-json\/wp\/v2\/pages\/8426"}],"wp:attachment":[{"href":"https:\/\/www.geaprodukt.si\/de\/wp-json\/wp\/v2\/media?parent=8792"}],"curies":[{"name":"wp","href":"https:\/\/api.w.org\/{rel}","templated":true}]}}