{"id":8789,"date":"2021-05-24T09:05:21","date_gmt":"2021-05-24T09:05:21","guid":{"rendered":"https:\/\/www.geaprodukt.si\/about-company\/employment\/"},"modified":"2021-05-24T09:05:21","modified_gmt":"2021-05-24T09:05:21","slug":"employment","status":"publish","type":"page","link":"https:\/\/www.geaprodukt.si\/en\/about-company\/employment\/","title":{"rendered":"Employment"},"content":{"rendered":"<p>[vc_row css=&#8221;.vc_custom_1616429443555{padding-top: 4vh !important;padding-right: 4vh !important;padding-bottom: 4vh !important;padding-left: 4vh !important;}&#8221; mobile_bg_img_hidden=&#8221;no&#8221; tablet_bg_img_hidden=&#8221;no&#8221; woodmart_parallax=&#8221;0&#8243; woodmart_gradient_switch=&#8221;no&#8221; row_reverse_mobile=&#8221;0&#8243; row_reverse_tablet=&#8221;0&#8243; woodmart_disable_overflow=&#8221;0&#8243;][vc_column width=&#8221;1\/3&#8243;]\t\t\t<link rel=\"stylesheet\" id=\"wd-responsive-text-css\" href=\"https:\/\/geaprodukt-1de17.kxcdn.com\/wp-content\/themes\/woodmart\/css\/parts\/el-responsive-text.min.css?ver=6.4.2\" type=\"text\/css\" media=\"all\" \/> \t\t\t\t\t\t<div id=\"wd-6058c1d7e2c3f\" class=\"wd-text-block-wrapper wd-wpb wd-rs-6058c1d7e2c3f color-scheme-custom wd-width-100 text-left \">\n\t\t\t\t<div class=\"woodmart-title-container woodmart-text-block reset-last-child font-primary wd-font-weight-700 wd-fontsize-xl\">\n\t\t\t\t\t<em>Each act by an individual is a valuable contribution to reaching our objectives.<\/em>\t\t\t\t<\/div>\n\n\t\t\t\t\t\t\t<\/div>\n\t\t[\/vc_column][vc_column width=&#8221;2\/3&#8243;][vc_single_image image=&#8221;480&#8243; img_size=&#8221;medium&#8221; parallax_scroll=&#8221;no&#8221;][\/vc_column][\/vc_row][vc_row][vc_column]\t\t\t<link rel=\"stylesheet\" id=\"wd-section-title-css\" href=\"https:\/\/geaprodukt-1de17.kxcdn.com\/wp-content\/themes\/woodmart\/css\/parts\/el-section-title.min.css?ver=6.4.2\" type=\"text\/css\" media=\"all\" \/> \t\t\t\t\t\t<link rel=\"stylesheet\" id=\"wd-mod-highlighted-text-css\" href=\"https:\/\/geaprodukt-1de17.kxcdn.com\/wp-content\/themes\/woodmart\/css\/parts\/mod-highlighted-text.min.css?ver=6.4.2\" type=\"text\/css\" media=\"all\" \/> \t\t\t\n\t\t<div id=\"wd-6058c14308a85\" class=\"title-wrapper wd-wpb set-mb-s reset-last-child  wd-rs-6058c14308a85 wd-title-color-default wd-title-style-underlined wd-width-100 text-left  wd-underline-colored\">\n\t\t\t\n\t\t\t<div class=\"liner-continer\">\n\t\t\t\t<h4 class=\"woodmart-title-container title  wd-font-weight- wd-fontsize-l\" >Employment<\/h4>\n\t\t\t\t\t\t\t<\/div>\n\t\t\t\n\t\t\t\n\t\t\t\n\t\t<\/div>\n\t\t\n\t\t[\/vc_column][\/vc_row][vc_row full_width=&#8221;stretch_row&#8221; mobile_bg_img_hidden=&#8221;no&#8221; tablet_bg_img_hidden=&#8221;no&#8221; woodmart_parallax=&#8221;0&#8243; woodmart_gradient_switch=&#8221;no&#8221; row_reverse_mobile=&#8221;0&#8243; row_reverse_tablet=&#8221;0&#8243; woodmart_disable_overflow=&#8221;0&#8243;][vc_column width=&#8221;1\/3&#8243;][\/vc_column][vc_column width=&#8221;2\/3&#8243;][vc_column_text text_larger=&#8221;no&#8221;]Our colleagues at GEAPRODUKT are building a long-term career that enables a stable and trustworhty relationship, upgraded with advantages and new opportunities.<br \/>\nOur everyday communication includes motivation, expanding horizons, respecting integrity and privacy. We try to generate the best results out of our colleagues by encouragement and training.[\/vc_column_text][\/vc_column][\/vc_row][vc_row][vc_column]\n\t\t<div id=\"wd-6058c14bcb49a\" class=\"title-wrapper wd-wpb set-mb-s reset-last-child  wd-rs-6058c14bcb49a wd-title-color-default wd-title-style-underlined wd-width-100 text-left  wd-underline-colored\">\n\t\t\t\n\t\t\t<div class=\"liner-continer\">\n\t\t\t\t<h4 class=\"woodmart-title-container title  wd-font-weight- wd-fontsize-l\" >What do we offer our employees?<\/h4>\n\t\t\t\t\t\t\t<\/div>\n\t\t\t\n\t\t\t\n\t\t\t\n\t\t<\/div>\n\t\t\n\t\t[\/vc_column][\/vc_row][vc_row][vc_column width=&#8221;1\/3&#8243;][\/vc_column][vc_column width=&#8221;2\/3&#8243;]\t\t\t<link rel=\"stylesheet\" id=\"wd-list-css\" href=\"https:\/\/geaprodukt-1de17.kxcdn.com\/wp-content\/themes\/woodmart\/css\/parts\/el-list.min.css?ver=6.4.2\" type=\"text\/css\" media=\"all\" \/> \t\t\t\n\t\t<ul class=\" wd-rs-6058c15c0b63a wd-list wd-wpb color-scheme- wd-fontsize-xs wd-list-type-icon wd-list-style-default wd-justify-left \" id=\"wd-6058c15c0b63a\">\n\t\t\t\t\t\t\t\t\t\t\t<li>\n\t\t\t\t\t<span class=\"list-icon fas fa-check\"><\/span>\n\t\t\t\t\t<span class=\"list-content\">Delovna obla\u010dila in obutev za delovna mesta v logistiki, proizvodnji in skladi\u0161\u010du<\/span>\n\t\t\t\t\t\t\t\t\t<\/li>\n\t\t\t\t\t\t\t\t\t\t\t<li>\n\t\t\t\t\t<span class=\"list-icon fas fa-check\"><\/span>\n\t\t\t\t\t<span class=\"list-content\">Ugoden nakup sve\u017eega sadja in zelenjave, ter drugih izdelkov iz na\u0161e ponudbe<\/span>\n\t\t\t\t\t\t\t\t\t<\/li>\n\t\t\t\t\t\t\t\t\t\t\t<li>\n\t\t\t\t\t<span class=\"list-icon fas fa-check\"><\/span>\n\t\t\t\t\t<span class=\"list-content\">Parkiranje osebnih vozil<\/span>\n\t\t\t\t\t\t\t\t\t<\/li>\n\t\t\t\t\t\t\t\t\t\t\t<li>\n\t\t\t\t\t<span class=\"list-icon fas fa-check\"><\/span>\n\t\t\t\t\t<span class=\"list-content\">Slu\u017ebena vozila za poslovne poti<\/span>\n\t\t\t\t\t\t\t\t\t<\/li>\n\t\t\t\t\t\t\t\t\t\t\t<li>\n\t\t\t\t\t<span class=\"list-icon fas fa-check\"><\/span>\n\t\t\t\t\t<span class=\"list-content\">Mobilno pisarno za delo na daljavo in mobilni telefon za dolo\u010dena delovna mesta<\/span>\n\t\t\t\t\t\t\t\t\t<\/li>\n\t\t\t\t\t\t\t\t\t\t\t<li>\n\t\t\t\t\t<span class=\"list-icon fas fa-check\"><\/span>\n\t\t\t\t\t<span class=\"list-content\">Usposabljanje na delovnem mestu in ob delu<\/span>\n\t\t\t\t\t\t\t\t\t<\/li>\n\t\t\t\t\t\t\t\t\t\t\t<li>\n\t\t\t\t\t<span class=\"list-icon fas fa-check\"><\/span>\n\t\t\t\t\t<span class=\"list-content\">Motivacijske delavnice<\/span>\n\t\t\t\t\t\t\t\t\t<\/li>\n\t\t\t\t\t\t\t\t\t\t\t<li>\n\t\t\t\t\t<span class=\"list-icon fas fa-check\"><\/span>\n\t\t\t\t\t<span class=\"list-content\">Dru\u017eabne dogodke<\/span>\n\t\t\t\t\t\t\t\t\t<\/li>\n\t\t\t\t\t\t\t\t\t\t\t<li>\n\t\t\t\t\t<span class=\"list-icon fas fa-check\"><\/span>\n\t\t\t\t\t<span class=\"list-content\">Obdarovanje ob posebnih dogodkih<\/span>\n\t\t\t\t\t\t\t\t\t<\/li>\n\t\t\t\t\t<\/ul>\n\t\t[\/vc_column][\/vc_row][vc_row][vc_column]\n\t\t<div id=\"wd-6058c152d058a\" class=\"title-wrapper wd-wpb set-mb-s reset-last-child  wd-rs-6058c152d058a wd-title-color-default wd-title-style-underlined wd-width-100 text-left  wd-underline-colored\">\n\t\t\t\n\t\t\t<div class=\"liner-continer\">\n\t\t\t\t<h4 class=\"woodmart-title-container title  wd-font-weight- wd-fontsize-l\" >Employment<\/h4>\n\t\t\t\t\t\t\t<\/div>\n\t\t\t\n\t\t\t\n\t\t\t\n\t\t<\/div>\n\t\t\n\t\t[\/vc_column][\/vc_row][vc_row][vc_column width=&#8221;1\/3&#8243;][\/vc_column][vc_column width=&#8221;2\/3&#8243;][vc_column_text text_larger=&#8221;no&#8221;]The current employment opportunities are published here: <a href=\"https:\/\/www.mojedelo.com\/prosta-delovna-mesta\/podjetja\/geaprodukt\">https:\/\/www.mojedelo.com\/prosta-delovna-mesta\/podjetja\/geaprodukt<\/a>[\/vc_column_text][\/vc_column][\/vc_row]<\/p>\n","protected":false},"excerpt":{"rendered":"<p>[vc_row css=&#8221;.vc_custom_1616429443555{padding-top: 4vh !important;padding-right: 4vh !important;padding-bottom: 4vh !important;padding-left: 4vh !important;}&#8221; mobile_bg_img_hidden=&#8221;no&#8221; tablet_bg_img_hidden=&#8221;no&#8221; woodmart_parallax=&#8221;0&#8243; woodmart_gradient_switch=&#8221;no&#8221; row_reverse_mobile=&#8221;0&#8243; row_reverse_tablet=&#8221;0&#8243; woodmart_disable_overflow=&#8221;0&#8243;][vc_column width=&#8221;1\/3&#8243;][\/vc_column][vc_column width=&#8221;2\/3&#8243;][vc_single_image image=&#8221;480&#8243;<\/p>\n","protected":false},"author":1,"featured_media":0,"parent":8423,"menu_order":0,"comment_status":"closed","ping_status":"closed","template":"","meta":[],"_links":{"self":[{"href":"https:\/\/www.geaprodukt.si\/en\/wp-json\/wp\/v2\/pages\/8789"}],"collection":[{"href":"https:\/\/www.geaprodukt.si\/en\/wp-json\/wp\/v2\/pages"}],"about":[{"href":"https:\/\/www.geaprodukt.si\/en\/wp-json\/wp\/v2\/types\/page"}],"author":[{"embeddable":true,"href":"https:\/\/www.geaprodukt.si\/en\/wp-json\/wp\/v2\/users\/1"}],"replies":[{"embeddable":true,"href":"https:\/\/www.geaprodukt.si\/en\/wp-json\/wp\/v2\/comments?post=8789"}],"version-history":[{"count":2,"href":"https:\/\/www.geaprodukt.si\/en\/wp-json\/wp\/v2\/pages\/8789\/revisions"}],"predecessor-version":[{"id":8791,"href":"https:\/\/www.geaprodukt.si\/en\/wp-json\/wp\/v2\/pages\/8789\/revisions\/8791"}],"up":[{"embeddable":true,"href":"https:\/\/www.geaprodukt.si\/en\/wp-json\/wp\/v2\/pages\/8423"}],"wp:attachment":[{"href":"https:\/\/www.geaprodukt.si\/en\/wp-json\/wp\/v2\/media?parent=8789"}],"curies":[{"name":"wp","href":"https:\/\/api.w.org\/{rel}","templated":true}]}}