{"id":8438,"date":"2017-07-13T07:19:33","date_gmt":"2017-07-13T07:19:33","guid":{"rendered":"https:\/\/www.geaprodukt.si\/sobre-la-empresa\/"},"modified":"2023-05-17T06:20:52","modified_gmt":"2023-05-17T06:20:52","slug":"sobre-la-empresa","status":"publish","type":"page","link":"https:\/\/www.geaprodukt.si\/es\/sobre-la-empresa\/","title":{"rendered":"Sobre la empresa"},"content":{"rendered":"<p>[vc_section][vc_row][vc_column width=\u00bb1\/2&#8243;]\t\t\t<link rel=\"stylesheet\" id=\"wd-section-title-css\" href=\"https:\/\/geaprodukt-1de17.kxcdn.com\/wp-content\/themes\/woodmart\/css\/parts\/el-section-title.min.css?ver=6.4.2\" type=\"text\/css\" media=\"all\" \/> \t\t\t\t\t\t<link rel=\"stylesheet\" id=\"wd-mod-highlighted-text-css\" href=\"https:\/\/geaprodukt-1de17.kxcdn.com\/wp-content\/themes\/woodmart\/css\/parts\/mod-highlighted-text.min.css?ver=6.4.2\" type=\"text\/css\" media=\"all\" \/> \t\t\t\n\t\t<div id=\"wd-60568020c7e25\" class=\"title-wrapper wd-wpb set-mb-s reset-last-child  wd-rs-60568020c7e25 wd-title-color-default wd-title-style-underlined wd-width-100 text-left  wd-underline-colored\">\n\t\t\t\n\t\t\t<div class=\"liner-continer\">\n\t\t\t\t<h4 class=\"woodmart-title-container title  wd-font-weight- wd-fontsize-l\" >Sobre nosotros<\/h4>\n\t\t\t\t\t\t\t<\/div>\n\t\t\t\n\t\t\t\n\t\t\t\n\t\t<\/div>\n\t\t\n\t\t[\/vc_column][vc_column width=\u00bb1\/2&#8243;][vc_separator css=\u00bb.vc_custom_1616281646882{margin-top: 40px !important;}\u00bb][vc_column_text text_larger=\u00bbno\u00bb woodmart_inline=\u00bbno\u00bb]A principios de 1990 naci\u00f3 una idea sobre un camino empresarial independiente. La empresa GEAPRODUKT Empresa comercial mayorista y minorista d.o.o. se cre\u00f3 despu\u00e9s de un elaborado an\u00e1lisis de mercado y la contemplaci\u00f3n de c\u00f3mo desarrollar un concepto empresarial con poco capital y mucha voluntad, que llevara a un crecimiento r\u00e1pido y a un negocio seguro. La empresa se fund\u00f3 el 1 de marzo de 1990.<\/p>\n<p>Ya al principio nos especializamos en la comercializaci\u00f3n de fruta y verdura fresca; al principio como mayorista, y despu\u00e9s de 6 a\u00f1os de actividad nos ampliamos a 6 comercios minoristas centrados en la oferta de fruta y verdura fresca, as\u00ed como de otros productos alimenticios y bebidas. La creciente concentraci\u00f3n de cadenas de tiendas en el mercado esloveno dict\u00f3 un cambio en nuestro modelo de negocio: nos transformamos en una empresa completamente mayorista. A lo largo de los a\u00f1os hemos desarrollado un servicio de entrega a los compradores de varios segmentos de venta.<br \/>\nGracias al trabajo diligente, a las decisiones correctas y a la gesti\u00f3n cuidadosa de los recursos disponibles, hemos pasado de ser una peque\u00f1a oportunidad empresarial a la mayor empresa de distribuci\u00f3n especializada en frutas y verduras frescas de Eslovenia. Estamos orgullosos de estar clasificados entre los 10 mayores distribuidores de fruta y verdura fresca de Europa.<\/p>\n<p>Durante los 31 a\u00f1os de actividad, nos hemos adaptado, cambiado, complementado y mejorado. Y durante todo este tiempo nos hemos mantenido fieles a nuestro eslogan: \u00abCuando los placeres no son pecaminosos\u00bb.<\/p>\n<p>Nuestra vida, nuestro trabajo y nuestro enfoque giran constantemente en torno a la fruta y la verdura fresca. Disfrutar de la fruta fresca no es un pecado, es una directriz de un estilo de vida saludable.<\/p>\n<p>Hoy somos una empresa familiar de \u00e9xito, especializada en la distribuci\u00f3n de frutas y verduras frescas. Desarrollamos nuestra propia producci\u00f3n y procesamiento. Estimulamos la venta de fruta seca, envasada y enlatada, verduras y frutos secos. Ofrecemos a los compradores de Eslovenia y de los pa\u00edses vecinos productos de calidad y un servicio de entrega de primera, una colaboraci\u00f3n comercial con apoyo electr\u00f3nico, una selecci\u00f3n de productos frescos Cash&#038;Carry en nuestros almacenes de Liubliana, Maribor y Koper, as\u00ed como la c\u00f3moda opci\u00f3n de comprar desde casa en nuestra tienda online.<\/p>\n<p>Somos una empresa contempor\u00e1nea con un liderazgo empresarial de la generaci\u00f3n m\u00e1s joven, que se dedica y se centra en el desarrollo de un modelo de negocio moderno.[\/vc_column_text][\/vc_column][\/vc_row][vc_row][vc_column width=\u00bb1\/2&#8243;]\n\t\t<div id=\"wd-6056804da16e5\" class=\"title-wrapper wd-wpb set-mb-s reset-last-child  wd-rs-6056804da16e5 wd-title-color-default wd-title-style-underlined wd-width-100 text-left  wd-underline-colored\">\n\t\t\t\n\t\t\t<div class=\"liner-continer\">\n\t\t\t\t<h4 class=\"woodmart-title-container title  wd-font-weight- wd-fontsize-l\" >Nuestra actividad<\/h4>\n\t\t\t\t\t\t\t<\/div>\n\t\t\t\n\t\t\t\n\t\t\t\n\t\t<\/div>\n\t\t\n\t\t[\/vc_column][vc_column width=\u00bb1\/2&#8243;][vc_separator css=\u00bb.vc_custom_1616281646882{margin-top: 40px !important;}\u00bb][vc_column_text text_larger=\u00bbno\u00bb woodmart_inline=\u00bbno\u00bb]Somos una empresa de comercio y servicios, somos un productor y un procesador, somos la empresa GEAPRODUKT d.o.o., que realiza las siguientes actividades:<\/p>\n<p>abastecimiento del mercado esloveno y de los pa\u00edses vecinos<br \/>\nimportaci\u00f3n y exportaci\u00f3n,<br \/>\ncompra de producci\u00f3n casera,<br \/>\nalmacenamiento de mercanc\u00edas en instalaciones propias de refrigeraci\u00f3n y maduraci\u00f3n, equipadas con la \u00faltima tecnolog\u00eda,<br \/>\nCash &#038; Carry para jur\u00eddicas,<br \/>\nproducci\u00f3n de microvegetales, hierbas y plantas perennes,<br \/>\nproducci\u00f3n de frutas y verduras,<br \/>\nwww.geadostava.si tienda online,<br \/>\nlog\u00edstica integral que garantiza la entrega segura a los hogares de nuestros compradores.[\/vc_column_text][\/vc_column][\/vc_row][vc_row][vc_column width=\u00bb1\/2&#8243;]\n\t\t<div id=\"wd-60568064725ee\" class=\"title-wrapper wd-wpb set-mb-s reset-last-child  wd-rs-60568064725ee wd-title-color-default wd-title-style-underlined wd-width-100 text-left  wd-underline-colored\">\n\t\t\t\n\t\t\t<div class=\"liner-continer\">\n\t\t\t\t<h4 class=\"woodmart-title-container title  wd-font-weight- wd-fontsize-l\" >Nuestros productos<\/h4>\n\t\t\t\t\t\t\t<\/div>\n\t\t\t\n\t\t\t\n\t\t\t\n\t\t<\/div>\n\t\t\n\t\t[\/vc_column][vc_column width=\u00bb1\/2&#8243;][vc_separator css=\u00bb.vc_custom_1616281646882{margin-top: 40px !important;}\u00bb][vc_column_text text_larger=\u00bbno\u00bb]Ofrecemos a nuestros compradores una variada selecci\u00f3n de productos de diferentes marcas y programas:<br \/>\nfruta y verdura fresca de diferentes producciones<br \/>\nproducci\u00f3n convencional,<br \/>\nproducci\u00f3n ecol\u00f3gica e integrada,<br \/>\nproducci\u00f3n seg\u00fan los principios de calidad seleccionados de Eslovenia,<br \/>\nfruta y verdura fresca limpia, cortada y envasada de producci\u00f3n propia,<br \/>\nmicroverduras, hierbas y flores comestibles de producci\u00f3n propia,<br \/>\nfrutas y verduras en conserva,<br \/>\nfruta seca y frutos secos.[\/vc_column_text][\/vc_column][\/vc_row][vc_row][vc_column width=\u00bb1\/2&#8243;]\n\t\t<div id=\"wd-6056807746c53\" class=\"title-wrapper wd-wpb set-mb-s reset-last-child  wd-rs-6056807746c53 wd-title-color-default wd-title-style-underlined wd-width-100 text-left  wd-underline-colored\">\n\t\t\t\n\t\t\t<div class=\"liner-continer\">\n\t\t\t\t<h4 class=\"woodmart-title-container title  wd-font-weight- wd-fontsize-l\" >Somos locales y sostenibles<\/h4>\n\t\t\t\t\t\t\t<\/div>\n\t\t\t\n\t\t\t\n\t\t\t\n\t\t<\/div>\n\t\t\n\t\t[\/vc_column][vc_column width=\u00bb1\/2&#8243;][vc_separator css=\u00bb.vc_custom_1616281646882{margin-top: 40px !important;}\u00bb][vc_column_text text_larger=\u00bbno\u00bb]Colaboramos con empresas de 47 pa\u00edses de 6 continentes. Las relaciones m\u00e1s aut\u00e9nticas las tenemos con los productores eslovenos de fruta y verdura. Colaboramos con m\u00e1s de 300 productores locales. Su esfuerzo y perseverancia son incre\u00edbles. Es casi incre\u00edble que tengamos productos eslovenos en nuestra oferta todos los d\u00edas. A pesar del fr\u00edo, la sequ\u00eda, las inundaciones y el calor, desde el campo, el procesamiento o los almacenes, entregan los productos locales y de temporada acordados.<br \/>\nLa actitud sostenible del equipo de GEAPRODUKT se plasma en el respeto a la generaci\u00f3n que cre\u00f3 y desarroll\u00f3 nuestra empresa, en la preservaci\u00f3n de sus valores y en la relaci\u00f3n con el trabajo, los compa\u00f1eros y el medio ambiente. En nuestro trabajo y en nuestra vida juramos por la calidad y la estricta consideraci\u00f3n de las instrucciones. Estamos abiertos a la innovaci\u00f3n, lo que nos permite ser flexibles ante cualquier situaci\u00f3n que se presente en nuestro camino. Nuestro d\u00eda a d\u00eda incluye comportamientos que influyen positivamente en la conservaci\u00f3n del medio ambiente y en la eliminaci\u00f3n cuidadosa de los residuos.[\/vc_column_text][\/vc_column][\/vc_row][vc_row][vc_column width=\u00bb1\/2&#8243;]\n\t\t<div id=\"wd-62135bb83cecf\" class=\"title-wrapper wd-wpb set-mb-s reset-last-child  wd-rs-62135bb83cecf wd-title-color-default wd-title-style-underlined wd-width-100 text-left  wd-underline-colored\">\n\t\t\t\n\t\t\t<div class=\"liner-continer\">\n\t\t\t\t<h4 class=\"woodmart-title-container title  wd-font-weight- wd-fontsize-l\" >Estamos comprometidos con la calidad y la seguridad<\/h4>\n\t\t\t\t\t\t\t<\/div>\n\t\t\t\n\t\t\t\n\t\t\t\n\t\t<\/div>\n\t\t\n\t\t[\/vc_column][vc_column width=\u00bb1\/2&#8243;][vc_separator css=\u00bb.vc_custom_1616281646882{margin-top: 40px !important;}\u00bb][vc_column_text text_larger=\u00bbno\u00bb]Controlamos a diario la calidad de nuestros productos y servicios, e intentamos que nuestros compradores est\u00e9n satisfechos con nuestros productos, que son seguros para su salud y la de sus compradores. Nuestros esfuerzos se expresan con controles anuales externos. Estamos certificados para:<br \/>\nalmacenamiento, envasado, distribuci\u00f3n y venta de frutas y verduras, hierbas, setas, frutos secos, semillas, huevos y frutas deshidratadas PRODUCIDAS ECOL\u00d3GICAMENTE,<br \/>\nalmacenamiento, distribuci\u00f3n y venta de frutas y verduras marcadas con el signo de CALIDAD SELECCIONADA DE ESLOVENIA,<br \/>\nla producci\u00f3n propia de microverduras se realiza de acuerdo con las instrucciones de GLOBALG.A.P., y hemos adquirido el certificado GGN 4063061430878, que lo confirma,<br \/>\ncolaboramos con los productores y desarrollamos la producci\u00f3n con la intenci\u00f3n del sistema de certificaci\u00f3n GLOBALG.A.P,<br \/>\ntenemos la certificaci\u00f3n IFS FOOD Standard,<br \/>\nen 2021 tenemos previsto introducir la norma de calidad ISO 9001:2015,<br \/>\ny nos estamos preparando para adquirir el certificado de \u00abempleador socialmente responsable\u00bb.[\/vc_column_text][\/vc_column][\/vc_row][vc_row][vc_column width=\u00bb1\/2&#8243;]\n\t\t<div id=\"wd-605680ac9f5c4\" class=\"title-wrapper wd-wpb set-mb-s reset-last-child  wd-rs-605680ac9f5c4 wd-title-color-default wd-title-style-underlined wd-width-100 text-left  wd-underline-colored\">\n\t\t\t\n\t\t\t<div class=\"liner-continer\">\n\t\t\t\t<h4 class=\"woodmart-title-container title  wd-font-weight- wd-fontsize-l\" >Nuestros socios<\/h4>\n\t\t\t\t\t\t\t<\/div>\n\t\t\t\n\t\t\t\n\t\t\t\n\t\t<\/div>\n\t\t\n\t\t[\/vc_column][vc_column width=\u00bb1\/2&#8243;][vc_separator css=\u00bb.vc_custom_1616281646882{margin-top: 40px !important;}\u00bb][vc_column_text text_larger=\u00bbno\u00bb]Funcionamos en un entorno empresarial que se expande anualmente tanto en el \u00e1mbito de la oferta como en el de la venta. Nuestro papel en el mercado es la b\u00fasqueda constante de entusiastas del trabajo y la innovaci\u00f3n, que est\u00e9n dispuestos a compartir y construir nuestra historia de \u00e9xito con nosotros. En el departamento de ventas buscamos empresas con planes a largo plazo, en el de aprovisionamiento buscamos productores con planes de colaboraci\u00f3n estrecha y a largo plazo. Desarrollamos asociaciones en todas las \u00e1reas.[\/vc_column_text][\/vc_column][\/vc_row][vc_row][vc_column width=\u00bb1\/2&#8243;]\n\t\t<div id=\"wd-605680bf0a02f\" class=\"title-wrapper wd-wpb set-mb-s reset-last-child  wd-rs-605680bf0a02f wd-title-color-default wd-title-style-underlined wd-width-100 text-left  wd-underline-colored\">\n\t\t\t\n\t\t\t<div class=\"liner-continer\">\n\t\t\t\t<h4 class=\"woodmart-title-container title  wd-font-weight- wd-fontsize-l\" >Nuestros compradores<\/h4>\n\t\t\t\t\t\t\t<\/div>\n\t\t\t\n\t\t\t\n\t\t\t\n\t\t<\/div>\n\t\t\n\t\t[\/vc_column][vc_column width=\u00bb1\/2&#8243;][vc_separator css=\u00bb.vc_custom_1616281646882{margin-top: 40px !important;}\u00bb][vc_column_text text_larger=\u00bbno\u00bb]Nuestros compradores son cadenas de tiendas, los sistemas HORECA (hoteles, restaurantes, caterings), usuarios econ\u00f3micos (guarder\u00edas, hospitales, centros de la tercera edad, bases del ej\u00e9rcito, prisiones), minoristas, cooperativas y compradores privados. Entregamos diariamente productos en 500-900 lugares diferentes y el n\u00famero de nuestros compradores activos es de 5.000.<br \/>\nLa salud y la satisfacci\u00f3n de nuestros compradores son los elementos clave para nosotros. Nuestra tienda en l\u00ednea (www.geadostava.si) est\u00e1 destinada a todos los hogares y contiene productos sabrosos, as\u00ed como excelentes recetas e informaci\u00f3n \u00fatil sobre nutrici\u00f3n y salud.[\/vc_column_text][\/vc_column][\/vc_row][vc_row][vc_column width=\u00bb1\/2&#8243;]\n\t\t<div id=\"wd-605680d2d474c\" class=\"title-wrapper wd-wpb set-mb-s reset-last-child  wd-rs-605680d2d474c wd-title-color-default wd-title-style-underlined wd-width-100 text-left  wd-underline-colored\">\n\t\t\t\n\t\t\t<div class=\"liner-continer\">\n\t\t\t\t<h4 class=\"woodmart-title-container title  wd-font-weight- wd-fontsize-l\" >Nuestros proveedores<\/h4>\n\t\t\t\t\t\t\t<\/div>\n\t\t\t\n\t\t\t\n\t\t\t\n\t\t<\/div>\n\t\t\n\t\t[\/vc_column][vc_column width=\u00bb1\/2&#8243;][vc_separator css=\u00bb.vc_custom_1616281646882{margin-top: 40px !important;}\u00bb][vc_column_text text_larger=\u00bbno\u00bb]Colaboramos sobre todo con productores de frutas y verduras, y nuestros socios m\u00e1s importantes son los proveedores de transporte, que realizan servicios para nosotros. Contamos con varios proveedores de material y equipos auxiliares. Colaboramos con los servicios de reparaci\u00f3n de equipos de refrigeraci\u00f3n, veh\u00edculos y maquinaria de trabajo. Tambi\u00e9n debemos mencionar a los socios contractuales para la limpieza del medio ambiente y el suministro de diferentes fuentes de energ\u00eda.[\/vc_column_text][\/vc_column][\/vc_row][\/vc_section][vc_section][vc_row][vc_column width=\u00bb1\/2&#8243;]\n\t\t<div id=\"wd-60567d1ee2ff8\" class=\"title-wrapper wd-wpb set-mb-s reset-last-child  wd-rs-60567d1ee2ff8 wd-title-color-default wd-title-style-underlined wd-width-100 text-left  wd-underline-colored\">\n\t\t\t\n\t\t\t<div class=\"liner-continer\">\n\t\t\t\t<h4 class=\"woodmart-title-container title  wd-font-weight- wd-fontsize-l\" >Visi\u00f3n<\/h4>\n\t\t\t\t\t\t\t<\/div>\n\t\t\t\n\t\t\t\n\t\t\t\n\t\t<\/div>\n\t\t\n\t\t[\/vc_column][vc_column width=\u00bb1\/2&#8243;][vc_separator border_width=\u00bb2&#8243; css=\u00bb.vc_custom_1616281306099{margin-top: 40px !important;}\u00bb][vc_column_text text_larger=\u00bbno\u00bb]Nos confirmamos como una de las empresas l\u00edderes en el campo de la distribuci\u00f3n de frutas y verduras frescas a diario.<br \/>\nLa visi\u00f3n de la empresa en el fortalecimiento del papel del sujeto l\u00edder en el \u00e1mbito de la distribuci\u00f3n de frutas y verduras en todas las \u00e1reas de mercado de Eslovenia y otros pa\u00edses vecinos. La empresa sigue el objetivo empresarial fundamental de crear una gesti\u00f3n integral de la calidad empresarial y el plan de negocio de los pr\u00f3ximos a\u00f1os se ajusta a esta noci\u00f3n.[\/vc_column_text][\/vc_column][\/vc_row][vc_row][vc_column width=\u00bb1\/2&#8243;]\n\t\t<div id=\"wd-60567d2675fbd\" class=\"title-wrapper wd-wpb set-mb-s reset-last-child  wd-rs-60567d2675fbd wd-title-color-default wd-title-style-underlined wd-width-100 text-left  wd-underline-colored\">\n\t\t\t\n\t\t\t<div class=\"liner-continer\">\n\t\t\t\t<h4 class=\"woodmart-title-container title  wd-font-weight- wd-fontsize-l\" >Valores<\/h4>\n\t\t\t\t\t\t\t<\/div>\n\t\t\t\n\t\t\t\n\t\t\t\n\t\t<\/div>\n\t\t\n\t\t[\/vc_column][vc_column width=\u00bb1\/2&#8243;][vc_separator border_width=\u00bb2&#8243; css=\u00bb.vc_custom_1616281306099{margin-top: 40px !important;}\u00bb][vc_row_inner][vc_column_inner][vc_text_separator title=\u00bbSelecci\u00f3n diversa de productos de calidad\u00bb i_icon_fontawesome=\u00bbfas fa-star\u00bb i_color=\u00bbcustom\u00bb title_align=\u00bbseparator_align_left\u00bb add_icon=\u00bbtrue\u00bb i_custom_color=\u00bb#83b735&#8243;][vc_column_text text_larger=\u00bbno\u00bb]Vigilamos constantemente las necesidades del mercado y ajustamos nuestra oferta. Nuestra prioridad es un comprador satisfecho y tratamos de escuchar a cada uno de ellos y de satisfacerlo a medias. La calidad de nuestros productos y servicios se controla cada d\u00eda. Nos esforzamos por mantener a los compradores satisfechos sin nuestros productos, que son seguros para su salud y la de sus compradores. Nuestros esfuerzos se expresan con controles anuales externos.[\/vc_column_text][\/vc_column_inner][\/vc_row_inner][vc_row_inner][vc_column_inner][vc_text_separator title=\u00bbRelaciones aut\u00e9nticas con los productores locales\u00bb i_icon_fontawesome=\u00bbfas fa-star\u00bb i_color=\u00bbcustom\u00bb title_align=\u00bbseparator_align_left\u00bb add_icon=\u00bbtrue\u00bb i_custom_color=\u00bb#83b735&#8243;][vc_column_text text_larger=\u00bbno\u00bb]Colaboramos con empresas de 47 pa\u00edses de todos los continentes. Las relaciones m\u00e1s aut\u00e9nticas las tenemos con los productores eslovenos de frutas y verduras. Colaboramos con m\u00e1s de 300 productores locales. Su esfuerzo y perseverancia son incre\u00edbles.[\/vc_column_text][\/vc_column_inner][\/vc_row_inner][vc_row_inner][vc_column_inner][vc_text_separator title=\u00bbConfianza y colaboraci\u00f3n a largo plazo con los socios.\u00bb i_icon_fontawesome=\u00bbfas fa-star\u00bb i_color=\u00bbcustom\u00bb title_align=\u00bbseparator_align_left\u00bb add_icon=\u00bbtrue\u00bb i_custom_color=\u00bb#83b735&#8243;][vc_column_text text_larger=\u00bbno\u00bb]Como importador, vendedor y distribuidor internacional de frutas y verduras somos un socio fiable y de confianza para nuestros compradores y proveedores. En estos muchos a\u00f1os de exitosa colaboraci\u00f3n hemos desarrollado estrechas relaciones con nuestros proveedores y productores de la regi\u00f3n y del mundo. Esto significa que podemos garantizar a nuestros compradores fruta y verdura de primera calidad. Nuestros socios comerciales son apoyados con un asesoramiento individual, personal y aplicable, que contribuye al \u00e9xito a largo plazo de todos nosotros. Nuestra pr\u00e1ctica comercial se esfuerza por preservar unas relaciones abiertas y constructivas de acuerdo con el principio de considerar la satisfacci\u00f3n mutua.[\/vc_column_text][\/vc_column_inner][\/vc_row_inner][vc_row_inner][vc_column_inner][vc_text_separator title=\u00bbEnfoque sostenible del equipo\u00bb i_icon_fontawesome=\u00bbfas fa-star\u00bb i_color=\u00bbcustom\u00bb title_align=\u00bbseparator_align_left\u00bb align=\u00bbalign_right\u00bb add_icon=\u00bbtrue\u00bb i_custom_color=\u00bb#83b735&#8243;][vc_column_text text_larger=\u00bbno\u00bb]La actitud sostenible del equipo de GEAPRODUKT se refleja en el respeto a la generaci\u00f3n que cre\u00f3 y desarroll\u00f3 nuestra empresa, en la preservaci\u00f3n de sus valores y en la relaci\u00f3n con el trabajo, los compa\u00f1eros y el medio ambiente. En nuestro trabajo y en nuestra vida juramos por la calidad y la consideraci\u00f3n estricta de las normas.<\/p>\n<p>Nuestros colegas en GEAPRODUKT est\u00e1n construyendo una carrera a largo plazo, lo que nos permite una relaci\u00f3n estable y de confianza, actualizada con ventajas y nuevas oportunidades.<br \/>\nNuestra comunicaci\u00f3n diaria incluye la motivaci\u00f3n, la ampliaci\u00f3n de horizontes, el respeto a la integridad y la privacidad. Tratamos de invitar a los mejores resultados de nuestros colegas mediante el est\u00edmulo y la formaci\u00f3n.<\/p>\n<p>Cada acto de un individuo es una valiosa contribuci\u00f3n para alcanzar nuestros objetivos.[\/vc_column_text][\/vc_column_inner][\/vc_row_inner][vc_row_inner][vc_column_inner][vc_text_separator title=\u00bbRapidez y flexibilidad\u00bb i_icon_fontawesome=\u00bbfas fa-star\u00bb i_color=\u00bbcustom\u00bb title_align=\u00bbseparator_align_left\u00bb align=\u00bbalign_right\u00bb add_icon=\u00bbtrue\u00bb i_custom_color=\u00bb#83b735&#8243;][vc_column_text text_larger=\u00bbno\u00bb]Los conocimientos, la capacidad, la innovaci\u00f3n, la diligencia y el ingenio nos dan la ventaja de ser r\u00e1pidos. Nuestro objetivo es ser los primeros. No s\u00f3lo en ventas, sino en descubrir las nuevas necesidades de los mercados. Esto lo conseguimos con un acortamiento eficiente del proceso de desarrollo, una r\u00e1pida adquisici\u00f3n de documentaci\u00f3n y una cadena coordinada desde el suministro hasta la distribuci\u00f3n.<br \/>\nGracias a la rapidez de respuesta y a la capacidad de adaptaci\u00f3n, superamos los obst\u00e1culos que imponen las distintas exigencias del mercado y de la legislaci\u00f3n. Podemos afrontar cualquier reto, independientemente del tama\u00f1o y la ubicaci\u00f3n. Nuestras soluciones flexibles satisfacen las expectativas de los socios.[\/vc_column_text][\/vc_column_inner][\/vc_row_inner][vc_row_inner][vc_column_inner][vc_text_separator title=\u00bbCreatividad y eficiencia\u00bb i_icon_fontawesome=\u00bbfas fa-star\u00bb i_color=\u00bbcustom\u00bb title_align=\u00bbseparator_align_left\u00bb align=\u00bbalign_right\u00bb add_icon=\u00bbtrue\u00bb i_custom_color=\u00bb#83b735&#8243;][vc_column_text text_larger=\u00bbno\u00bb]El camino para alcanzar los mejores resultados es la creaci\u00f3n de un ambiente empresarial que motive la innovaci\u00f3n y la creatividad. Animamos a los compa\u00f1eros a hablar de sus ideas y, si son adecuadas, las hacen realidad. Seguimos buscando nuevos caminos hacia la satisfacci\u00f3n de nuestros compradores.<\/p>\n<p>Las tareas dictadas por nuestros puestos de trabajo se realizan de la mejor manera posible. Nos esforzamos por dar lo mejor de nosotros mismos en lo que hacemos, con la mayor eficacia posible y lo antes posible.[\/vc_column_text][\/vc_column_inner][\/vc_row_inner][vc_row_inner][vc_column_inner][vc_text_separator title=\u00bbCreatividad y ambici\u00f3n\u00bb i_icon_fontawesome=\u00bbfas fa-star\u00bb i_color=\u00bbcustom\u00bb title_align=\u00bbseparator_align_left\u00bb align=\u00bbalign_right\u00bb add_icon=\u00bbtrue\u00bb i_custom_color=\u00bb#83b735&#8243;][vc_column_text text_larger=\u00bbno\u00bb]Trabajar en la empresa es un reto para el crecimiento profesional y personal, donde aprendemos constantemente y sentamos las bases para aumentar la creatividad. Nos tomamos tiempo para pensar, actuar de forma innovadora y fomentar nuevas ideas y premiar las buenas. Mejoramos constantemente nuestros m\u00e9todos de trabajo y resultados.<br \/>\nNuestros objetivos son altos, pero posibles de realizar. Tenemos el valor de aceptar los obst\u00e1culos y los errores para aprender de ellos. Establecemos objetivos elevados a nivel de la empresa y a nivel de cada individuo, donde encontramos una sana competitividad, deseo de formaci\u00f3n y promoci\u00f3n en su puesto de trabajo, y al mismo tiempo nos esforzamos por alcanzar el equilibrio entre trabajo y familia.[\/vc_column_text][\/vc_column_inner][\/vc_row_inner][vc_row_inner][vc_column_inner][vc_text_separator title=\u00bbResponsabilidad y econom\u00eda\u00bb i_icon_fontawesome=\u00bbfas fa-star\u00bb i_color=\u00bbcustom\u00bb title_align=\u00bbseparator_align_left\u00bb align=\u00bbalign_right\u00bb add_icon=\u00bbtrue\u00bb i_custom_color=\u00bb#83b735&#8243;][vc_column_text text_larger=\u00bbno\u00bb]Nuestro lema es: \u00ab<strong><em>Cuando los placeres no son pecaminosos<\/em><\/strong>\u00ab.<br \/>\nSiempre realizamos las obligaciones y promesas aceptadas, y nos aseguramos de que el comprador experimente todos los placeres, que son el fruto de nuestro trabajo, organizaci\u00f3n y conocimientos adquiridos en los 30 a\u00f1os de trabajo exitoso.<br \/>\nSiempre manejamos los activos de la empresa de forma racional en todas las circunstancias, como si fuera nuestra propiedad personal y al mismo tiempo tratamos de maximizar los ingresos con los costes m\u00e1s bajos. Teniendo en cuenta que estamos orientados a los resultados, actuamos hacia el desarrollo, alcanzando las condiciones \u00f3ptimas del mercado, la reducci\u00f3n constante de los costes y la b\u00fasqueda constante de oportunidades de negocio y la creaci\u00f3n de beneficios.[\/vc_column_text][\/vc_column_inner][\/vc_row_inner][\/vc_column][\/vc_row][\/vc_section]<\/p>\n","protected":false},"excerpt":{"rendered":"<p>[vc_section][vc_row][vc_column width=\u00bb1\/2&#8243;][\/vc_column][vc_column width=\u00bb1\/2&#8243;][vc_separator css=\u00bb.vc_custom_1616281646882{margin-top: 40px !important;}\u00bb][vc_column_text text_larger=\u00bbno\u00bb woodmart_inline=\u00bbno\u00bb]A principios de 1990 naci\u00f3 una idea sobre un camino empresarial independiente. La<\/p>\n","protected":false},"author":1,"featured_media":0,"parent":0,"menu_order":0,"comment_status":"closed","ping_status":"closed","template":"","meta":[],"_links":{"self":[{"href":"https:\/\/www.geaprodukt.si\/es\/wp-json\/wp\/v2\/pages\/8438"}],"collection":[{"href":"https:\/\/www.geaprodukt.si\/es\/wp-json\/wp\/v2\/pages"}],"about":[{"href":"https:\/\/www.geaprodukt.si\/es\/wp-json\/wp\/v2\/types\/page"}],"author":[{"embeddable":true,"href":"https:\/\/www.geaprodukt.si\/es\/wp-json\/wp\/v2\/users\/1"}],"replies":[{"embeddable":true,"href":"https:\/\/www.geaprodukt.si\/es\/wp-json\/wp\/v2\/comments?post=8438"}],"version-history":[{"count":8,"href":"https:\/\/www.geaprodukt.si\/es\/wp-json\/wp\/v2\/pages\/8438\/revisions"}],"predecessor-version":[{"id":10620,"href":"https:\/\/www.geaprodukt.si\/es\/wp-json\/wp\/v2\/pages\/8438\/revisions\/10620"}],"wp:attachment":[{"href":"https:\/\/www.geaprodukt.si\/es\/wp-json\/wp\/v2\/media?parent=8438"}],"curies":[{"name":"wp","href":"https:\/\/api.w.org\/{rel}","templated":true}]}}