{"id":8798,"date":"2021-05-24T09:15:48","date_gmt":"2021-05-24T09:15:48","guid":{"rendered":"https:\/\/www.geaprodukt.si\/sobre-la-empresa\/empleo\/"},"modified":"2021-05-24T09:15:49","modified_gmt":"2021-05-24T09:15:49","slug":"empleo","status":"publish","type":"page","link":"https:\/\/www.geaprodukt.si\/es\/sobre-la-empresa\/empleo\/","title":{"rendered":"Empleo"},"content":{"rendered":"<p>[vc_row css=\u00bb.vc_custom_1616429443555{padding-top: 4vh !important;padding-right: 4vh !important;padding-bottom: 4vh !important;padding-left: 4vh !important;}\u00bb mobile_bg_img_hidden=\u00bbno\u00bb tablet_bg_img_hidden=\u00bbno\u00bb woodmart_parallax=\u00bb0&#8243; woodmart_gradient_switch=\u00bbno\u00bb row_reverse_mobile=\u00bb0&#8243; row_reverse_tablet=\u00bb0&#8243; woodmart_disable_overflow=\u00bb0&#8243;][vc_column width=\u00bb1\/3&#8243;]\t\t\t<link rel=\"stylesheet\" id=\"wd-responsive-text-css\" href=\"https:\/\/geaprodukt-1de17.kxcdn.com\/wp-content\/themes\/woodmart\/css\/parts\/el-responsive-text.min.css?ver=6.4.2\" type=\"text\/css\" media=\"all\" \/> \t\t\t\t\t\t<div id=\"wd-6058c1d7e2c3f\" class=\"wd-text-block-wrapper wd-wpb wd-rs-6058c1d7e2c3f color-scheme-custom wd-width-100 text-left \">\n\t\t\t\t<div class=\"woodmart-title-container woodmart-text-block reset-last-child font-primary wd-font-weight-700 wd-fontsize-xl\">\n\t\t\t\t\t<em>Cada acto de un individuo es una valiosa contribuci\u00f3n para alcanzar nuestros objetivos.<\/em>\t\t\t\t<\/div>\n\n\t\t\t\t\t\t\t<\/div>\n\t\t[\/vc_column][vc_column width=\u00bb2\/3&#8243;][vc_single_image image=\u00bb480&#8243; img_size=\u00bbmedium\u00bb parallax_scroll=\u00bbno\u00bb][\/vc_column][\/vc_row][vc_row][vc_column]\t\t\t<link rel=\"stylesheet\" id=\"wd-section-title-css\" href=\"https:\/\/geaprodukt-1de17.kxcdn.com\/wp-content\/themes\/woodmart\/css\/parts\/el-section-title.min.css?ver=6.4.2\" type=\"text\/css\" media=\"all\" \/> \t\t\t\t\t\t<link rel=\"stylesheet\" id=\"wd-mod-highlighted-text-css\" href=\"https:\/\/geaprodukt-1de17.kxcdn.com\/wp-content\/themes\/woodmart\/css\/parts\/mod-highlighted-text.min.css?ver=6.4.2\" type=\"text\/css\" media=\"all\" \/> \t\t\t\n\t\t<div id=\"wd-6058c14308a85\" class=\"title-wrapper wd-wpb set-mb-s reset-last-child  wd-rs-6058c14308a85 wd-title-color-default wd-title-style-underlined wd-width-100 text-left  wd-underline-colored\">\n\t\t\t\n\t\t\t<div class=\"liner-continer\">\n\t\t\t\t<h4 class=\"woodmart-title-container title  wd-font-weight- wd-fontsize-l\" >Empleo<\/h4>\n\t\t\t\t\t\t\t<\/div>\n\t\t\t\n\t\t\t\n\t\t\t\n\t\t<\/div>\n\t\t\n\t\t[\/vc_column][\/vc_row][vc_row full_width=\u00bbstretch_row\u00bb mobile_bg_img_hidden=\u00bbno\u00bb tablet_bg_img_hidden=\u00bbno\u00bb woodmart_parallax=\u00bb0&#8243; woodmart_gradient_switch=\u00bbno\u00bb row_reverse_mobile=\u00bb0&#8243; row_reverse_tablet=\u00bb0&#8243; woodmart_disable_overflow=\u00bb0&#8243;][vc_column width=\u00bb1\/3&#8243;][\/vc_column][vc_column width=\u00bb2\/3&#8243;][vc_column_text text_larger=\u00bbno\u00bb]Nuestros compa\u00f1eros de trabajo en GEAPRODUKT est\u00e1n construyendo una carrera a largo plazo, lo que nos permite una relaci\u00f3n estable y de confianza, actualizada con ventajas y nuevas oportunidades.<br \/>\nNuestra comunicaci\u00f3n diaria incluye la motivaci\u00f3n, la ampliaci\u00f3n de horizontes, el respeto a la integridad y la privacidad. Tratamos de invitar a los mejores resultados de nuestros colegas mediante el est\u00edmulo y la formaci\u00f3n.[\/vc_column_text][\/vc_column][\/vc_row][vc_row][vc_column]\n\t\t<div id=\"wd-6058c14bcb49a\" class=\"title-wrapper wd-wpb set-mb-s reset-last-child  wd-rs-6058c14bcb49a wd-title-color-default wd-title-style-underlined wd-width-100 text-left  wd-underline-colored\">\n\t\t\t\n\t\t\t<div class=\"liner-continer\">\n\t\t\t\t<h4 class=\"woodmart-title-container title  wd-font-weight- wd-fontsize-l\" >\u00bfQu\u00e9 ofrecemos a nuestros empleados?<\/h4>\n\t\t\t\t\t\t\t<\/div>\n\t\t\t\n\t\t\t\n\t\t\t\n\t\t<\/div>\n\t\t\n\t\t[\/vc_column][\/vc_row][vc_row][vc_column width=\u00bb1\/3&#8243;][\/vc_column][vc_column width=\u00bb2\/3&#8243;]\t\t\t<link rel=\"stylesheet\" id=\"wd-list-css\" href=\"https:\/\/geaprodukt-1de17.kxcdn.com\/wp-content\/themes\/woodmart\/css\/parts\/el-list.min.css?ver=6.4.2\" type=\"text\/css\" media=\"all\" \/> \t\t\t\n\t\t<ul class=\" wd-rs-6058c15c0b63a wd-list wd-wpb color-scheme- wd-fontsize-xs wd-list-type-icon wd-list-style-default wd-justify-left \" id=\"wd-6058c15c0b63a\">\n\t\t\t\t\t\t\t\t\t\t\t<li>\n\t\t\t\t\t<span class=\"list-icon fas fa-check\"><\/span>\n\t\t\t\t\t<span class=\"list-content\">Delovna obla\u010dila in obutev za delovna mesta v logistiki, proizvodnji in skladi\u0161\u010du<\/span>\n\t\t\t\t\t\t\t\t\t<\/li>\n\t\t\t\t\t\t\t\t\t\t\t<li>\n\t\t\t\t\t<span class=\"list-icon fas fa-check\"><\/span>\n\t\t\t\t\t<span class=\"list-content\">Ugoden nakup sve\u017eega sadja in zelenjave, ter drugih izdelkov iz na\u0161e ponudbe<\/span>\n\t\t\t\t\t\t\t\t\t<\/li>\n\t\t\t\t\t\t\t\t\t\t\t<li>\n\t\t\t\t\t<span class=\"list-icon fas fa-check\"><\/span>\n\t\t\t\t\t<span class=\"list-content\">Parkiranje osebnih vozil<\/span>\n\t\t\t\t\t\t\t\t\t<\/li>\n\t\t\t\t\t\t\t\t\t\t\t<li>\n\t\t\t\t\t<span class=\"list-icon fas fa-check\"><\/span>\n\t\t\t\t\t<span class=\"list-content\">Slu\u017ebena vozila za poslovne poti<\/span>\n\t\t\t\t\t\t\t\t\t<\/li>\n\t\t\t\t\t\t\t\t\t\t\t<li>\n\t\t\t\t\t<span class=\"list-icon fas fa-check\"><\/span>\n\t\t\t\t\t<span class=\"list-content\">Mobilno pisarno za delo na daljavo in mobilni telefon za dolo\u010dena delovna mesta<\/span>\n\t\t\t\t\t\t\t\t\t<\/li>\n\t\t\t\t\t\t\t\t\t\t\t<li>\n\t\t\t\t\t<span class=\"list-icon fas fa-check\"><\/span>\n\t\t\t\t\t<span class=\"list-content\">Usposabljanje na delovnem mestu in ob delu<\/span>\n\t\t\t\t\t\t\t\t\t<\/li>\n\t\t\t\t\t\t\t\t\t\t\t<li>\n\t\t\t\t\t<span class=\"list-icon fas fa-check\"><\/span>\n\t\t\t\t\t<span class=\"list-content\">Motivacijske delavnice<\/span>\n\t\t\t\t\t\t\t\t\t<\/li>\n\t\t\t\t\t\t\t\t\t\t\t<li>\n\t\t\t\t\t<span class=\"list-icon fas fa-check\"><\/span>\n\t\t\t\t\t<span class=\"list-content\">Dru\u017eabne dogodke<\/span>\n\t\t\t\t\t\t\t\t\t<\/li>\n\t\t\t\t\t\t\t\t\t\t\t<li>\n\t\t\t\t\t<span class=\"list-icon fas fa-check\"><\/span>\n\t\t\t\t\t<span class=\"list-content\">Obdarovanje ob posebnih dogodkih<\/span>\n\t\t\t\t\t\t\t\t\t<\/li>\n\t\t\t\t\t<\/ul>\n\t\t[\/vc_column][\/vc_row][vc_row][vc_column]\n\t\t<div id=\"wd-6058c152d058a\" class=\"title-wrapper wd-wpb set-mb-s reset-last-child  wd-rs-6058c152d058a wd-title-color-default wd-title-style-underlined wd-width-100 text-left  wd-underline-colored\">\n\t\t\t\n\t\t\t<div class=\"liner-continer\">\n\t\t\t\t<h4 class=\"woodmart-title-container title  wd-font-weight- wd-fontsize-l\" >Empleo<\/h4>\n\t\t\t\t\t\t\t<\/div>\n\t\t\t\n\t\t\t\n\t\t\t\n\t\t<\/div>\n\t\t\n\t\t[\/vc_column][\/vc_row][vc_row][vc_column width=\u00bb1\/3&#8243;][\/vc_column][vc_column width=\u00bb2\/3&#8243;][vc_column_text text_larger=\u00bbno\u00bb]Las ofertas de empleo actuales se publican aqu\u00ed: <a href=\"https:\/\/www.mojedelo.com\/prosta-delovna-mesta\/podjetja\/geaprodukt\">https:\/\/www.mojedelo.com\/prosta-delovna-mesta\/podjetja\/geaprodukt<\/a>[\/vc_column_text][\/vc_column][\/vc_row]<\/p>\n","protected":false},"excerpt":{"rendered":"<p>[vc_row css=\u00bb.vc_custom_1616429443555{padding-top: 4vh !important;padding-right: 4vh !important;padding-bottom: 4vh !important;padding-left: 4vh !important;}\u00bb mobile_bg_img_hidden=\u00bbno\u00bb tablet_bg_img_hidden=\u00bbno\u00bb woodmart_parallax=\u00bb0&#8243; woodmart_gradient_switch=\u00bbno\u00bb row_reverse_mobile=\u00bb0&#8243; row_reverse_tablet=\u00bb0&#8243; woodmart_disable_overflow=\u00bb0&#8243;][vc_column width=\u00bb1\/3&#8243;][\/vc_column][vc_column width=\u00bb2\/3&#8243;][vc_single_image image=\u00bb480&#8243;<\/p>\n","protected":false},"author":1,"featured_media":0,"parent":8438,"menu_order":0,"comment_status":"closed","ping_status":"closed","template":"","meta":[],"_links":{"self":[{"href":"https:\/\/www.geaprodukt.si\/es\/wp-json\/wp\/v2\/pages\/8798"}],"collection":[{"href":"https:\/\/www.geaprodukt.si\/es\/wp-json\/wp\/v2\/pages"}],"about":[{"href":"https:\/\/www.geaprodukt.si\/es\/wp-json\/wp\/v2\/types\/page"}],"author":[{"embeddable":true,"href":"https:\/\/www.geaprodukt.si\/es\/wp-json\/wp\/v2\/users\/1"}],"replies":[{"embeddable":true,"href":"https:\/\/www.geaprodukt.si\/es\/wp-json\/wp\/v2\/comments?post=8798"}],"version-history":[{"count":2,"href":"https:\/\/www.geaprodukt.si\/es\/wp-json\/wp\/v2\/pages\/8798\/revisions"}],"predecessor-version":[{"id":8800,"href":"https:\/\/www.geaprodukt.si\/es\/wp-json\/wp\/v2\/pages\/8798\/revisions\/8800"}],"up":[{"embeddable":true,"href":"https:\/\/www.geaprodukt.si\/es\/wp-json\/wp\/v2\/pages\/8438"}],"wp:attachment":[{"href":"https:\/\/www.geaprodukt.si\/es\/wp-json\/wp\/v2\/media?parent=8798"}],"curies":[{"name":"wp","href":"https:\/\/api.w.org\/{rel}","templated":true}]}}