{"id":8771,"date":"2021-05-24T08:45:32","date_gmt":"2021-05-24T08:45:32","guid":{"rendered":"https:\/\/www.geaprodukt.si\/o-tvrtki\/pravila-privatnosti\/"},"modified":"2021-05-24T08:45:32","modified_gmt":"2021-05-24T08:45:32","slug":"pravila-privatnosti","status":"publish","type":"page","link":"https:\/\/www.geaprodukt.si\/hr\/o-tvrtki\/pravila-privatnosti\/","title":{"rendered":"Pravila privatnosti"},"content":{"rendered":"<p>[vc_row css=&#8221;.vc_custom_1528700436855{margin-right: 0px !important;margin-bottom: 25px !important;margin-left: 0px !important;border-top-width: 1px !important;border-right-width: 1px !important;border-bottom-width: 1px !important;border-left-width: 1px !important;padding-top: 30px !important;padding-right: 15px !important;padding-bottom: 30px !important;padding-left: 15px !important;background-color: #ffffff !important;border-left-color: #e7e7e7 !important;border-left-style: solid !important;border-right-color: #e7e7e7 !important;border-right-style: solid !important;border-top-color: #e7e7e7 !important;border-top-style: solid !important;border-bottom-color: #e7e7e7 !important;border-bottom-style: solid !important;}&#8221;][vc_column css=&#8221;.vc_custom_1527238251732{padding-top: 0px !important;}&#8221;][vc_column_text css=&#8221;.vc_custom_1616372226979{margin-bottom: 0px !important;}&#8221; el_class=&#8221;text-larger&#8221; text_larger=&#8221;no&#8221;]Na\u0161e mre\u017eno mjesto: https:\/\/www.geaprodukt.si.<\/p>\n<p>Upravitelj mre\u017enog mjesta:<\/p>\n<p><strong>Geaprodukt d.o.o.<\/strong><br \/>\nDolenjska cesta 242<br \/>\n1000 Ljubljana[\/vc_column_text][\/vc_column][\/vc_row][vc_row css=&#8221;.vc_custom_1528700436855{margin-right: 0px !important;margin-bottom: 25px !important;margin-left: 0px !important;border-top-width: 1px !important;border-right-width: 1px !important;border-bottom-width: 1px !important;border-left-width: 1px !important;padding-top: 30px !important;padding-right: 15px !important;padding-bottom: 30px !important;padding-left: 15px !important;background-color: #ffffff !important;border-left-color: #e7e7e7 !important;border-left-style: solid !important;border-right-color: #e7e7e7 !important;border-right-style: solid !important;border-top-color: #e7e7e7 !important;border-top-style: solid !important;border-bottom-color: #e7e7e7 !important;border-bottom-style: solid !important;}&#8221;][vc_column css=&#8221;.vc_custom_1527238251732{padding-top: 0px !important;}&#8221;][vc_column_text css=&#8221;.vc_custom_1617118858912{margin-bottom: 0px !important;}&#8221; el_class=&#8221;text-larger&#8221; text_larger=&#8221;no&#8221;]<strong>Kako \u0161titimo va\u0161e podatke?<\/strong><\/p>\n<p>Upotrebljavamo \u0161ifriranje podataka s pomo\u0107u SSL sigurnosnog certifikata za za\u0161titu podataka koji se prenose izme\u0111u vas i na\u0161eg mre\u017enog mjesta. Mo\u017eete provjeriti djelovanje certifikata klikom na ikonu klju\u010da pored poveznice geaprodukt.si u adresnom retku i dobit \u0107ete informacije o sigurnosti poveznice.<\/p>\n<p>Na\u0161e baza podataka pohranjuju se na siguran na\u010din na sigurnim poslu\u017eiteljima vanjskog pru\u017eatelja Zabec.net.[\/vc_column_text][\/vc_column][\/vc_row][vc_row css=&#8221;.vc_custom_1528700436855{margin-right: 0px !important;margin-bottom: 25px !important;margin-left: 0px !important;border-top-width: 1px !important;border-right-width: 1px !important;border-bottom-width: 1px !important;border-left-width: 1px !important;padding-top: 30px !important;padding-right: 15px !important;padding-bottom: 30px !important;padding-left: 15px !important;background-color: #ffffff !important;border-left-color: #e7e7e7 !important;border-left-style: solid !important;border-right-color: #e7e7e7 !important;border-right-style: solid !important;border-top-color: #e7e7e7 !important;border-top-style: solid !important;border-bottom-color: #e7e7e7 !important;border-bottom-style: solid !important;}&#8221;][vc_column css=&#8221;.vc_custom_1527238251732{padding-top: 0px !important;}&#8221;][vc_column_text css=&#8221;.vc_custom_1616371460843{margin-bottom: 0px !important;}&#8221; el_class=&#8221;text-larger&#8221; text_larger=&#8221;no&#8221;]<strong>Sadr\u017eaj s drugih mre\u017enih mjesta<\/strong><\/p>\n<p>Na\u0161e stranice mogu sadr\u017eavati sadr\u017eaj s drugih, vanjskih mre\u017enih mjesta i usluga (npr. s YouTubea). Tijekom prijenosa takvog sadr\u017eaja vanjski pru\u017eatelji imaju mogu\u0107nost izrade dodatnih kola\u010di\u0107a ili anonimnog prikupljanja podataka koji se mogu koristiti za njihove potrebe. Ne preuzimamo nikakvu odgovornost za takav sadr\u017eaj, kola\u010di\u0107e i podatke.[\/vc_column_text][\/vc_column][\/vc_row][vc_row css=&#8221;.vc_custom_1528700436855{margin-right: 0px !important;margin-bottom: 25px !important;margin-left: 0px !important;border-top-width: 1px !important;border-right-width: 1px !important;border-bottom-width: 1px !important;border-left-width: 1px !important;padding-top: 30px !important;padding-right: 15px !important;padding-bottom: 30px !important;padding-left: 15px !important;background-color: #ffffff !important;border-left-color: #e7e7e7 !important;border-left-style: solid !important;border-right-color: #e7e7e7 !important;border-right-style: solid !important;border-top-color: #e7e7e7 !important;border-top-style: solid !important;border-bottom-color: #e7e7e7 !important;border-bottom-style: solid !important;}&#8221;][vc_column css=&#8221;.vc_custom_1527238251732{padding-top: 0px !important;}&#8221;][vc_column_text css=&#8221;.vc_custom_1616371448418{margin-bottom: 0px !important;}&#8221; el_class=&#8221;text-larger&#8221; text_larger=&#8221;no&#8221;]<strong>Va\u0161a prava<\/strong><\/p>\n<p>Ako ste ikada kupili ne\u0161to na na\u0161em mre\u017enom mjestu ili spremili podatke u na\u0161 sustav, imate pravo pisanim putem zatra\u017eiti zapis o podacima koje smo spremili o vama i va\u0161oj kupnji. U skladu sa zakonodavstvom mo\u017eemo i izbrisati odre\u0111ene podatke ako to zatra\u017eite.[\/vc_column_text][\/vc_column][\/vc_row][vc_row css=&#8221;.vc_custom_1528700436855{margin-right: 0px !important;margin-bottom: 25px !important;margin-left: 0px !important;border-top-width: 1px !important;border-right-width: 1px !important;border-bottom-width: 1px !important;border-left-width: 1px !important;padding-top: 30px !important;padding-right: 15px !important;padding-bottom: 30px !important;padding-left: 15px !important;background-color: #ffffff !important;border-left-color: #e7e7e7 !important;border-left-style: solid !important;border-right-color: #e7e7e7 !important;border-right-style: solid !important;border-top-color: #e7e7e7 !important;border-top-style: solid !important;border-bottom-color: #e7e7e7 !important;border-bottom-style: solid !important;}&#8221;][vc_column css=&#8221;.vc_custom_1527238251732{padding-top: 0px !important;}&#8221;][vc_column_text css=&#8221;.vc_custom_1616371515954{margin-bottom: 0px !important;}&#8221; el_class=&#8221;text-larger&#8221; text_larger=&#8221;no&#8221;]<strong>Kola\u010di\u0107i<\/strong><\/p>\n<p>Na\u0161e mre\u017eno mjesto upotrebljava kola\u010di\u0107e za rad. Kola\u010di\u0107i su male tekstualne datoteke koje mre\u017eno mjesto u\u010ditava na va\u0161e ra\u010dunalo i obi\u010dno sadr\u017eavaju va\u0161e postavke ili sli\u010dne podatke potrebne za jam\u010denje funkcioniranja mre\u017enog mjesta ili anonimno pra\u0107enje statistike posjeta mre\u017enom mjestu, \u010dime se pobolj\u0161ava va\u0161e korisni\u010dko iskustvo.[\/vc_column_text][\/vc_column][\/vc_row][vc_row css=&#8221;.vc_custom_1528700436855{margin-right: 0px !important;margin-bottom: 25px !important;margin-left: 0px !important;border-top-width: 1px !important;border-right-width: 1px !important;border-bottom-width: 1px !important;border-left-width: 1px !important;padding-top: 30px !important;padding-right: 15px !important;padding-bottom: 30px !important;padding-left: 15px !important;background-color: #ffffff !important;border-left-color: #e7e7e7 !important;border-left-style: solid !important;border-right-color: #e7e7e7 !important;border-right-style: solid !important;border-top-color: #e7e7e7 !important;border-top-style: solid !important;border-bottom-color: #e7e7e7 !important;border-bottom-style: solid !important;}&#8221;][vc_column css=&#8221;.vc_custom_1527238251732{padding-top: 0px !important;}&#8221;][vc_column_text css=&#8221;.vc_custom_1616371528643{margin-bottom: 0px !important;}&#8221; el_class=&#8221;text-larger&#8221; text_larger=&#8221;no&#8221;]<strong>Vrste kola\u010di\u0107a:<\/strong><\/p>\n<ul>\n<li>nu\u017eni kola\u010di\u0107i za funkcioniranje mre\u017enog mjesta,<\/li>\n<li>vlastiti kola\u010di\u0107i za pra\u0107enje statistike o posjetama,<\/li>\n<li>kola\u010di\u0107i vanjskih pru\u017eatelja (Google, Facebook, YouTube).<\/li>\n<\/ul>\n<p>Kola\u010di\u0107i vanjskih pru\u017eatelja anonimizirani su i ne sadr\u017eavaju va\u0161e osobne podatke.[\/vc_column_text][\/vc_column][\/vc_row]<\/p>\n","protected":false},"excerpt":{"rendered":"<p>[vc_row css=&#8221;.vc_custom_1528700436855{margin-right: 0px !important;margin-bottom: 25px !important;margin-left: 0px !important;border-top-width: 1px !important;border-right-width: 1px !important;border-bottom-width: 1px !important;border-left-width: 1px !important;padding-top: 30px !important;padding-right: 15px !important;padding-bottom:<\/p>\n","protected":false},"author":1,"featured_media":0,"parent":8420,"menu_order":0,"comment_status":"closed","ping_status":"closed","template":"","meta":[],"_links":{"self":[{"href":"https:\/\/www.geaprodukt.si\/hr\/wp-json\/wp\/v2\/pages\/8771"}],"collection":[{"href":"https:\/\/www.geaprodukt.si\/hr\/wp-json\/wp\/v2\/pages"}],"about":[{"href":"https:\/\/www.geaprodukt.si\/hr\/wp-json\/wp\/v2\/types\/page"}],"author":[{"embeddable":true,"href":"https:\/\/www.geaprodukt.si\/hr\/wp-json\/wp\/v2\/users\/1"}],"replies":[{"embeddable":true,"href":"https:\/\/www.geaprodukt.si\/hr\/wp-json\/wp\/v2\/comments?post=8771"}],"version-history":[{"count":2,"href":"https:\/\/www.geaprodukt.si\/hr\/wp-json\/wp\/v2\/pages\/8771\/revisions"}],"predecessor-version":[{"id":8773,"href":"https:\/\/www.geaprodukt.si\/hr\/wp-json\/wp\/v2\/pages\/8771\/revisions\/8773"}],"up":[{"embeddable":true,"href":"https:\/\/www.geaprodukt.si\/hr\/wp-json\/wp\/v2\/pages\/8420"}],"wp:attachment":[{"href":"https:\/\/www.geaprodukt.si\/hr\/wp-json\/wp\/v2\/media?parent=8771"}],"curies":[{"name":"wp","href":"https:\/\/api.w.org\/{rel}","templated":true}]}}